{"id":62,"date":"2026-03-03T11:00:59","date_gmt":"2026-03-03T10:00:59","guid":{"rendered":"https:\/\/site18.monsitecommeunpro.fr\/?page_id=62"},"modified":"2026-03-16T11:54:29","modified_gmt":"2026-03-16T10:54:29","slug":"hotel","status":"publish","type":"page","link":"https:\/\/site18.monsitecommeunpro.fr\/?page_id=62","title":{"rendered":"hotel"},"content":{"rendered":"\n<div class=\"wp-block-columns is-layout-flex wp-container-core-columns-is-layout-28f84493 wp-block-columns-is-layout-flex\">\n<div class=\"wp-block-column is-layout-flow wp-block-column-is-layout-flow\" style=\"flex-basis:100%\"><\/div>\n<\/div>\n\n\n\n<h2 class=\"wp-block-heading\">Nos H\u00f4tels<\/h2>\n\n\n\n<p>S\u00e9journez dans nos <strong>h\u00f4tels tout confort<\/strong> et profitez de vacances inoubliables ! \ud83c\udfe8\u2728<br>Que ce soit pour un week-end ou un s\u00e9jour prolong\u00e9, nos h\u00f4tels offrent des chambres modernes et \u00e9quip\u00e9es, des services de qualit\u00e9 et un cadre agr\u00e9able pour toute la famille.<\/p>\n\n\n\n<p><strong>Ce que nous proposons :<\/strong><\/p>\n\n\n\n<ul class=\"wp-block-list\">\n<li>Chambres confortables et bien \u00e9quip\u00e9es<\/li>\n\n\n\n<li>Piscine, espaces d\u00e9tente et restauration sur place<\/li>\n\n\n\n<li>Activit\u00e9s et animations pour petits et grands<\/li>\n\n\n\n<li>Emplacements proches des sites touristiques et attractions<\/li>\n<\/ul>\n\n\n\n<p>Vivez un s\u00e9jour relaxant et profitez pleinement de vos vacances gr\u00e2ce \u00e0 nos h\u00f4tels pens\u00e9s pour votre confort et votre plaisir.<\/p>\n\n\n\n<figure class=\"wp-block-gallery has-nested-images columns-default is-cropped wp-block-gallery-1 is-layout-flex wp-block-gallery-is-layout-flex\">\n<figure class=\"wp-block-image size-full\"><img loading=\"lazy\" decoding=\"async\" width=\"1920\" height=\"1079\" data-id=\"84\" src=\"https:\/\/site18.monsitecommeunpro.fr\/wp-content\/uploads\/2026\/03\/71202910_d02dhs.avif\" alt=\"\" class=\"wp-image-84\"\/><\/figure>\n\n\n\n<figure class=\"wp-block-image size-full\"><img loading=\"lazy\" decoding=\"async\" width=\"640\" height=\"360\" data-id=\"82\" src=\"https:\/\/site18.monsitecommeunpro.fr\/wp-content\/uploads\/2026\/03\/3846075-pool-681282.webp\" alt=\"\" class=\"wp-image-82\" srcset=\"https:\/\/site18.monsitecommeunpro.fr\/wp-content\/uploads\/2026\/03\/3846075-pool-681282.webp 640w, https:\/\/site18.monsitecommeunpro.fr\/wp-content\/uploads\/2026\/03\/3846075-pool-681282-300x169.webp 300w\" sizes=\"auto, (max-width: 640px) 100vw, 640px\" \/><\/figure>\n\n\n\n<figure class=\"wp-block-image size-full\"><img loading=\"lazy\" decoding=\"async\" width=\"1024\" height=\"683\" data-id=\"108\" src=\"https:\/\/site18.monsitecommeunpro.fr\/wp-content\/uploads\/2026\/03\/474656748.jpg\" alt=\"\" class=\"wp-image-108\" srcset=\"https:\/\/site18.monsitecommeunpro.fr\/wp-content\/uploads\/2026\/03\/474656748.jpg 1024w, https:\/\/site18.monsitecommeunpro.fr\/wp-content\/uploads\/2026\/03\/474656748-300x200.jpg 300w, https:\/\/site18.monsitecommeunpro.fr\/wp-content\/uploads\/2026\/03\/474656748-768x512.jpg 768w\" sizes=\"auto, (max-width: 1024px) 100vw, 1024px\" \/><\/figure>\n<\/figure>\n\n\n\n<figure class=\"wp-block-gallery has-nested-images columns-default is-cropped wp-block-gallery-2 is-layout-flex wp-block-gallery-is-layout-flex\">\n<figure class=\"wp-block-image size-full\"><img loading=\"lazy\" decoding=\"async\" width=\"1024\" height=\"683\" data-id=\"117\" src=\"https:\/\/site18.monsitecommeunpro.fr\/wp-content\/uploads\/2026\/03\/449584107.jpg\" alt=\"\" class=\"wp-image-117\" srcset=\"https:\/\/site18.monsitecommeunpro.fr\/wp-content\/uploads\/2026\/03\/449584107.jpg 1024w, https:\/\/site18.monsitecommeunpro.fr\/wp-content\/uploads\/2026\/03\/449584107-300x200.jpg 300w, https:\/\/site18.monsitecommeunpro.fr\/wp-content\/uploads\/2026\/03\/449584107-768x512.jpg 768w\" sizes=\"auto, (max-width: 1024px) 100vw, 1024px\" \/><\/figure>\n\n\n\n<figure class=\"wp-block-image size-full\"><img loading=\"lazy\" decoding=\"async\" width=\"836\" height=\"607\" data-id=\"116\" src=\"https:\/\/site18.monsitecommeunpro.fr\/wp-content\/uploads\/2026\/03\/expedia_group-197481-190595060-307801.jpg\" alt=\"\" class=\"wp-image-116\" srcset=\"https:\/\/site18.monsitecommeunpro.fr\/wp-content\/uploads\/2026\/03\/expedia_group-197481-190595060-307801.jpg 836w, https:\/\/site18.monsitecommeunpro.fr\/wp-content\/uploads\/2026\/03\/expedia_group-197481-190595060-307801-300x218.jpg 300w, https:\/\/site18.monsitecommeunpro.fr\/wp-content\/uploads\/2026\/03\/expedia_group-197481-190595060-307801-768x558.jpg 768w\" sizes=\"auto, (max-width: 836px) 100vw, 836px\" \/><\/figure>\n\n\n\n<figure class=\"wp-block-image size-full\"><img loading=\"lazy\" decoding=\"async\" width=\"550\" height=\"412\" data-id=\"115\" src=\"https:\/\/site18.monsitecommeunpro.fr\/wp-content\/uploads\/2026\/03\/the-main-pool-and-beach-1.jpg\" alt=\"\" class=\"wp-image-115\" srcset=\"https:\/\/site18.monsitecommeunpro.fr\/wp-content\/uploads\/2026\/03\/the-main-pool-and-beach-1.jpg 550w, https:\/\/site18.monsitecommeunpro.fr\/wp-content\/uploads\/2026\/03\/the-main-pool-and-beach-1-300x225.jpg 300w\" sizes=\"auto, (max-width: 550px) 100vw, 550px\" \/><\/figure>\n<\/figure>\n\n\n\n<figure class=\"wp-block-gallery has-nested-images columns-default is-cropped wp-block-gallery-3 is-layout-flex wp-block-gallery-is-layout-flex\">\n<figure class=\"wp-block-image size-full\"><img loading=\"lazy\" decoding=\"async\" width=\"1240\" height=\"827\" data-id=\"110\" src=\"https:\/\/site18.monsitecommeunpro.fr\/wp-content\/uploads\/2026\/03\/piscine-titanic-resort-aqua-park_718879_panohd.avif\" alt=\"\" class=\"wp-image-110\"\/><\/figure>\n\n\n\n<figure class=\"wp-block-image size-full\"><img loading=\"lazy\" decoding=\"async\" width=\"1024\" height=\"683\" data-id=\"111\" src=\"https:\/\/site18.monsitecommeunpro.fr\/wp-content\/uploads\/2026\/03\/199810771.jpg\" alt=\"\" class=\"wp-image-111\" srcset=\"https:\/\/site18.monsitecommeunpro.fr\/wp-content\/uploads\/2026\/03\/199810771.jpg 1024w, https:\/\/site18.monsitecommeunpro.fr\/wp-content\/uploads\/2026\/03\/199810771-300x200.jpg 300w, https:\/\/site18.monsitecommeunpro.fr\/wp-content\/uploads\/2026\/03\/199810771-768x512.jpg 768w\" sizes=\"auto, (max-width: 1024px) 100vw, 1024px\" \/><\/figure>\n\n\n\n<figure class=\"wp-block-image size-full\"><img loading=\"lazy\" decoding=\"async\" width=\"400\" height=\"267\" data-id=\"112\" src=\"https:\/\/site18.monsitecommeunpro.fr\/wp-content\/uploads\/2026\/03\/1a41169644702ca372987e0300d7efa506c26f33c40b02934254653d056a.avif\" alt=\"\" class=\"wp-image-112\"\/><\/figure>\n<\/figure>\n\n\n\n<figure class=\"wp-block-gallery has-nested-images columns-default is-cropped wp-block-gallery-4 is-layout-flex wp-block-gallery-is-layout-flex\">\n<figure class=\"wp-block-image size-full\"><img loading=\"lazy\" decoding=\"async\" width=\"836\" height=\"607\" data-id=\"116\" src=\"https:\/\/site18.monsitecommeunpro.fr\/wp-content\/uploads\/2026\/03\/expedia_group-197481-190595060-307801.jpg\" alt=\"\" class=\"wp-image-116\" srcset=\"https:\/\/site18.monsitecommeunpro.fr\/wp-content\/uploads\/2026\/03\/expedia_group-197481-190595060-307801.jpg 836w, https:\/\/site18.monsitecommeunpro.fr\/wp-content\/uploads\/2026\/03\/expedia_group-197481-190595060-307801-300x218.jpg 300w, https:\/\/site18.monsitecommeunpro.fr\/wp-content\/uploads\/2026\/03\/expedia_group-197481-190595060-307801-768x558.jpg 768w\" sizes=\"auto, (max-width: 836px) 100vw, 836px\" \/><\/figure>\n\n\n\n<figure class=\"wp-block-image size-full\"><img loading=\"lazy\" decoding=\"async\" width=\"550\" height=\"367\" data-id=\"113\" src=\"https:\/\/site18.monsitecommeunpro.fr\/wp-content\/uploads\/2026\/03\/caption.jpg\" alt=\"\" class=\"wp-image-113\" srcset=\"https:\/\/site18.monsitecommeunpro.fr\/wp-content\/uploads\/2026\/03\/caption.jpg 550w, https:\/\/site18.monsitecommeunpro.fr\/wp-content\/uploads\/2026\/03\/caption-300x200.jpg 300w\" sizes=\"auto, (max-width: 550px) 100vw, 550px\" \/><\/figure>\n\n\n\n<figure class=\"wp-block-image size-full\"><img loading=\"lazy\" decoding=\"async\" width=\"1280\" height=\"960\" data-id=\"79\" src=\"https:\/\/site18.monsitecommeunpro.fr\/wp-content\/uploads\/2026\/03\/03.webp\" alt=\"\" class=\"wp-image-79\" srcset=\"https:\/\/site18.monsitecommeunpro.fr\/wp-content\/uploads\/2026\/03\/03.webp 1280w, https:\/\/site18.monsitecommeunpro.fr\/wp-content\/uploads\/2026\/03\/03-300x225.webp 300w, https:\/\/site18.monsitecommeunpro.fr\/wp-content\/uploads\/2026\/03\/03-1024x768.webp 1024w, https:\/\/site18.monsitecommeunpro.fr\/wp-content\/uploads\/2026\/03\/03-768x576.webp 768w\" sizes=\"auto, (max-width: 1280px) 100vw, 1280px\" \/><\/figure>\n<\/figure>\n\n\n\n<p><\/p>\n","protected":false},"excerpt":{"rendered":"<p>Nos H\u00f4tels S\u00e9journez dans nos h\u00f4tels tout confort et profitez de vacances inoubliables ! \ud83c\udfe8\u2728Que ce soit pour un week-end [&hellip;]<\/p>\n","protected":false},"author":1,"featured_media":0,"parent":0,"menu_order":0,"comment_status":"closed","ping_status":"closed","template":"","meta":{"site-sidebar-layout":"default","site-content-layout":"","ast-site-content-layout":"default","site-content-style":"default","site-sidebar-style":"default","ast-global-header-display":"","ast-banner-title-visibility":"","ast-main-header-display":"","ast-hfb-above-header-display":"","ast-hfb-below-header-display":"","ast-hfb-mobile-header-display":"","site-post-title":"","ast-breadcrumbs-content":"","ast-featured-img":"","footer-sml-layout":"","ast-disable-related-posts":"","theme-transparent-header-meta":"","adv-header-id-meta":"","stick-header-meta":"","header-above-stick-meta":"","header-main-stick-meta":"","header-below-stick-meta":"","astra-migrate-meta-layouts":"default","ast-page-background-enabled":"default","ast-page-background-meta":{"desktop":{"background-color":"var(--ast-global-color-5)","background-image":"","background-repeat":"repeat","background-position":"center center","background-size":"auto","background-attachment":"scroll","background-type":"","background-media":"","overlay-type":"","overlay-color":"","overlay-opacity":"","overlay-gradient":""},"tablet":{"background-color":"","background-image":"","background-repeat":"repeat","background-position":"center center","background-size":"auto","background-attachment":"scroll","background-type":"","background-media":"","overlay-type":"","overlay-color":"","overlay-opacity":"","overlay-gradient":""},"mobile":{"background-color":"","background-image":"","background-repeat":"repeat","background-position":"center center","background-size":"auto","background-attachment":"scroll","background-type":"","background-media":"","overlay-type":"","overlay-color":"","overlay-opacity":"","overlay-gradient":""}},"ast-content-background-meta":{"desktop":{"background-color":"var(--ast-global-color-4)","background-image":"","background-repeat":"repeat","background-position":"center center","background-size":"auto","background-attachment":"scroll","background-type":"","background-media":"","overlay-type":"","overlay-color":"","overlay-opacity":"","overlay-gradient":""},"tablet":{"background-color":"var(--ast-global-color-4)","background-image":"","background-repeat":"repeat","background-position":"center center","background-size":"auto","background-attachment":"scroll","background-type":"","background-media":"","overlay-type":"","overlay-color":"","overlay-opacity":"","overlay-gradient":""},"mobile":{"background-color":"var(--ast-global-color-4)","background-image":"","background-repeat":"repeat","background-position":"center center","background-size":"auto","background-attachment":"scroll","background-type":"","background-media":"","overlay-type":"","overlay-color":"","overlay-opacity":"","overlay-gradient":""}},"footnotes":""},"class_list":["post-62","page","type-page","status-publish","hentry"],"yoast_head":"<!-- This site is optimized with the Yoast SEO plugin v27.0 - https:\/\/yoast.com\/product\/yoast-seo-wordpress\/ -->\n<title>hotel -<\/title>\n<meta name=\"robots\" content=\"index, follow, max-snippet:-1, max-image-preview:large, max-video-preview:-1\" \/>\n<link rel=\"canonical\" href=\"https:\/\/site18.monsitecommeunpro.fr\/?page_id=62\" \/>\n<meta property=\"og:locale\" content=\"fr_FR\" \/>\n<meta property=\"og:type\" content=\"article\" \/>\n<meta property=\"og:title\" content=\"hotel -\" \/>\n<meta property=\"og:description\" content=\"Nos H\u00f4tels S\u00e9journez dans nos h\u00f4tels tout confort et profitez de vacances inoubliables ! \ud83c\udfe8\u2728Que ce soit pour un week-end [&hellip;]\" \/>\n<meta property=\"og:url\" content=\"https:\/\/site18.monsitecommeunpro.fr\/?page_id=62\" \/>\n<meta property=\"article:modified_time\" content=\"2026-03-16T10:54:29+00:00\" \/>\n<meta name=\"twitter:card\" content=\"summary_large_image\" \/>\n<meta name=\"twitter:label1\" content=\"Dur\u00e9e de lecture estim\u00e9e\" \/>\n\t<meta name=\"twitter:data1\" content=\"1 minute\" \/>\n<script type=\"application\/ld+json\" class=\"yoast-schema-graph\">{\"@context\":\"https:\/\/schema.org\",\"@graph\":[{\"@type\":\"WebPage\",\"@id\":\"https:\/\/site18.monsitecommeunpro.fr\/?page_id=62\",\"url\":\"https:\/\/site18.monsitecommeunpro.fr\/?page_id=62\",\"name\":\"hotel -\",\"isPartOf\":{\"@id\":\"https:\/\/site18.monsitecommeunpro.fr\/#website\"},\"primaryImageOfPage\":{\"@id\":\"https:\/\/site18.monsitecommeunpro.fr\/?page_id=62#primaryimage\"},\"image\":{\"@id\":\"https:\/\/site18.monsitecommeunpro.fr\/?page_id=62#primaryimage\"},\"thumbnailUrl\":\"https:\/\/site18.monsitecommeunpro.fr\/wp-content\/uploads\/2026\/03\/71202910_d02dhs.avif\",\"datePublished\":\"2026-03-03T10:00:59+00:00\",\"dateModified\":\"2026-03-16T10:54:29+00:00\",\"breadcrumb\":{\"@id\":\"https:\/\/site18.monsitecommeunpro.fr\/?page_id=62#breadcrumb\"},\"inLanguage\":\"fr-FR\",\"potentialAction\":[{\"@type\":\"ReadAction\",\"target\":[\"https:\/\/site18.monsitecommeunpro.fr\/?page_id=62\"]}]},{\"@type\":\"ImageObject\",\"inLanguage\":\"fr-FR\",\"@id\":\"https:\/\/site18.monsitecommeunpro.fr\/?page_id=62#primaryimage\",\"url\":\"https:\/\/site18.monsitecommeunpro.fr\/wp-content\/uploads\/2026\/03\/71202910_d02dhs.avif\",\"contentUrl\":\"https:\/\/site18.monsitecommeunpro.fr\/wp-content\/uploads\/2026\/03\/71202910_d02dhs.avif\",\"width\":1920,\"height\":1079},{\"@type\":\"BreadcrumbList\",\"@id\":\"https:\/\/site18.monsitecommeunpro.fr\/?page_id=62#breadcrumb\",\"itemListElement\":[{\"@type\":\"ListItem\",\"position\":1,\"name\":\"Accueil\",\"item\":\"https:\/\/site18.monsitecommeunpro.fr\/\"},{\"@type\":\"ListItem\",\"position\":2,\"name\":\"hotel\"}]},{\"@type\":\"WebSite\",\"@id\":\"https:\/\/site18.monsitecommeunpro.fr\/#website\",\"url\":\"https:\/\/site18.monsitecommeunpro.fr\/\",\"name\":\"\",\"description\":\"\",\"potentialAction\":[{\"@type\":\"SearchAction\",\"target\":{\"@type\":\"EntryPoint\",\"urlTemplate\":\"https:\/\/site18.monsitecommeunpro.fr\/?s={search_term_string}\"},\"query-input\":{\"@type\":\"PropertyValueSpecification\",\"valueRequired\":true,\"valueName\":\"search_term_string\"}}],\"inLanguage\":\"fr-FR\"}]}<\/script>\n<!-- \/ Yoast SEO plugin. -->","yoast_head_json":{"title":"hotel -","robots":{"index":"index","follow":"follow","max-snippet":"max-snippet:-1","max-image-preview":"max-image-preview:large","max-video-preview":"max-video-preview:-1"},"canonical":"https:\/\/site18.monsitecommeunpro.fr\/?page_id=62","og_locale":"fr_FR","og_type":"article","og_title":"hotel -","og_description":"Nos H\u00f4tels S\u00e9journez dans nos h\u00f4tels tout confort et profitez de vacances inoubliables ! \ud83c\udfe8\u2728Que ce soit pour un week-end [&hellip;]","og_url":"https:\/\/site18.monsitecommeunpro.fr\/?page_id=62","article_modified_time":"2026-03-16T10:54:29+00:00","twitter_card":"summary_large_image","twitter_misc":{"Dur\u00e9e de lecture estim\u00e9e":"1 minute"},"schema":{"@context":"https:\/\/schema.org","@graph":[{"@type":"WebPage","@id":"https:\/\/site18.monsitecommeunpro.fr\/?page_id=62","url":"https:\/\/site18.monsitecommeunpro.fr\/?page_id=62","name":"hotel -","isPartOf":{"@id":"https:\/\/site18.monsitecommeunpro.fr\/#website"},"primaryImageOfPage":{"@id":"https:\/\/site18.monsitecommeunpro.fr\/?page_id=62#primaryimage"},"image":{"@id":"https:\/\/site18.monsitecommeunpro.fr\/?page_id=62#primaryimage"},"thumbnailUrl":"https:\/\/site18.monsitecommeunpro.fr\/wp-content\/uploads\/2026\/03\/71202910_d02dhs.avif","datePublished":"2026-03-03T10:00:59+00:00","dateModified":"2026-03-16T10:54:29+00:00","breadcrumb":{"@id":"https:\/\/site18.monsitecommeunpro.fr\/?page_id=62#breadcrumb"},"inLanguage":"fr-FR","potentialAction":[{"@type":"ReadAction","target":["https:\/\/site18.monsitecommeunpro.fr\/?page_id=62"]}]},{"@type":"ImageObject","inLanguage":"fr-FR","@id":"https:\/\/site18.monsitecommeunpro.fr\/?page_id=62#primaryimage","url":"https:\/\/site18.monsitecommeunpro.fr\/wp-content\/uploads\/2026\/03\/71202910_d02dhs.avif","contentUrl":"https:\/\/site18.monsitecommeunpro.fr\/wp-content\/uploads\/2026\/03\/71202910_d02dhs.avif","width":1920,"height":1079},{"@type":"BreadcrumbList","@id":"https:\/\/site18.monsitecommeunpro.fr\/?page_id=62#breadcrumb","itemListElement":[{"@type":"ListItem","position":1,"name":"Accueil","item":"https:\/\/site18.monsitecommeunpro.fr\/"},{"@type":"ListItem","position":2,"name":"hotel"}]},{"@type":"WebSite","@id":"https:\/\/site18.monsitecommeunpro.fr\/#website","url":"https:\/\/site18.monsitecommeunpro.fr\/","name":"","description":"","potentialAction":[{"@type":"SearchAction","target":{"@type":"EntryPoint","urlTemplate":"https:\/\/site18.monsitecommeunpro.fr\/?s={search_term_string}"},"query-input":{"@type":"PropertyValueSpecification","valueRequired":true,"valueName":"search_term_string"}}],"inLanguage":"fr-FR"}]}},"_links":{"self":[{"href":"https:\/\/site18.monsitecommeunpro.fr\/index.php?rest_route=\/wp\/v2\/pages\/62","targetHints":{"allow":["GET"]}}],"collection":[{"href":"https:\/\/site18.monsitecommeunpro.fr\/index.php?rest_route=\/wp\/v2\/pages"}],"about":[{"href":"https:\/\/site18.monsitecommeunpro.fr\/index.php?rest_route=\/wp\/v2\/types\/page"}],"author":[{"embeddable":true,"href":"https:\/\/site18.monsitecommeunpro.fr\/index.php?rest_route=\/wp\/v2\/users\/1"}],"replies":[{"embeddable":true,"href":"https:\/\/site18.monsitecommeunpro.fr\/index.php?rest_route=%2Fwp%2Fv2%2Fcomments&post=62"}],"version-history":[{"count":6,"href":"https:\/\/site18.monsitecommeunpro.fr\/index.php?rest_route=\/wp\/v2\/pages\/62\/revisions"}],"predecessor-version":[{"id":213,"href":"https:\/\/site18.monsitecommeunpro.fr\/index.php?rest_route=\/wp\/v2\/pages\/62\/revisions\/213"}],"wp:attachment":[{"href":"https:\/\/site18.monsitecommeunpro.fr\/index.php?rest_route=%2Fwp%2Fv2%2Fmedia&parent=62"}],"curies":[{"name":"wp","href":"https:\/\/api.w.org\/{rel}","templated":true}]}}