{"id":53,"date":"2026-03-03T10:58:38","date_gmt":"2026-03-03T09:58:38","guid":{"rendered":"https:\/\/site18.monsitecommeunpro.fr\/?page_id=53"},"modified":"2026-03-16T11:37:08","modified_gmt":"2026-03-16T10:37:08","slug":"camping","status":"publish","type":"page","link":"https:\/\/site18.monsitecommeunpro.fr\/?page_id=53","title":{"rendered":"camping"},"content":{"rendered":"\n<p>Venez profiter de vacances inoubliables dans nos campings enti\u00e8rement \u00e9quip\u00e9s ! \ud83c\udfca\u200d\u2640\ufe0f\u2600\ufe0f<br>Entre piscines, toboggans, animations et activit\u00e9s pour toute la famille, il y a de quoi passer des journ\u00e9es pleines de fun et de d\u00e9tente. Que vous soyez en famille, entre amis ou en couple, nos campings offrent le cadre parfait pour des vacances actives et relaxantes \u00e0 la fois.<\/p>\n\n\n\n<p><strong>Sur place, vous trouverez :<\/strong><\/p>\n\n\n\n<ul class=\"wp-block-list\">\n<li>Piscines et toboggans aquatiques<\/li>\n\n\n\n<li>Aires de jeux et clubs enfants<\/li>\n\n\n\n<li>Terrains de sport et activit\u00e9s en journ\u00e9e<\/li>\n\n\n\n<li>Espaces d\u00e9tente et restauration<\/li>\n<\/ul>\n\n\n\n<p>Parcourez nos photos pour d\u00e9couvrir l\u2019ambiance festive et conviviale de nos campings et imaginez vos prochaines vacances sous le soleil !<\/p>\n\n\n\n<figure class=\"wp-block-gallery has-nested-images columns-default is-cropped wp-block-gallery-1 is-layout-flex wp-block-gallery-is-layout-flex\">\n<figure class=\"wp-block-image size-large\"><img loading=\"lazy\" decoding=\"async\" width=\"1024\" height=\"768\" data-id=\"79\" src=\"https:\/\/site18.monsitecommeunpro.fr\/wp-content\/uploads\/2026\/03\/03-1024x768.webp\" alt=\"Nos campings avec piscine et loisirs\n\nVenez profiter de vacances inoubliables dans nos campings enti\u00e8rement \u00e9quip\u00e9s ! \ud83c\udfca\u200d\u2640\ufe0f\u2600\ufe0f\nEntre piscines, toboggans, animations et activit\u00e9s pour toute la famille, il y a de quoi passer des journ\u00e9es pleines de fun et de d\u00e9tente. Que vous soyez en famille, entre amis ou en couple, nos campings offrent le cadre parfait pour des vacances actives et relaxantes \u00e0 la fois.\n\nSur place, vous trouverez :\n\nPiscines et toboggans aquatiques\n\nAires de jeux et clubs enfants\n\nTerrains de sport et activit\u00e9s en journ\u00e9e\n\nEspaces d\u00e9tente et restauration\n\nParcourez nos photos pour d\u00e9couvrir l\u2019ambiance festive et conviviale de nos campings et imaginez vos prochaines vacances sous le soleil !\" class=\"wp-image-79\" srcset=\"https:\/\/site18.monsitecommeunpro.fr\/wp-content\/uploads\/2026\/03\/03-1024x768.webp 1024w, https:\/\/site18.monsitecommeunpro.fr\/wp-content\/uploads\/2026\/03\/03-300x225.webp 300w, https:\/\/site18.monsitecommeunpro.fr\/wp-content\/uploads\/2026\/03\/03-768x576.webp 768w, https:\/\/site18.monsitecommeunpro.fr\/wp-content\/uploads\/2026\/03\/03.webp 1280w\" sizes=\"auto, (max-width: 1024px) 100vw, 1024px\" \/><\/figure>\n\n\n\n<figure class=\"wp-block-image size-large\"><img loading=\"lazy\" decoding=\"async\" width=\"1024\" height=\"682\" data-id=\"137\" src=\"https:\/\/site18.monsitecommeunpro.fr\/wp-content\/uploads\/2026\/03\/mobil-home-2-chambres-1024x682.webp\" alt=\"\" class=\"wp-image-137\" srcset=\"https:\/\/site18.monsitecommeunpro.fr\/wp-content\/uploads\/2026\/03\/mobil-home-2-chambres-1024x682.webp 1024w, https:\/\/site18.monsitecommeunpro.fr\/wp-content\/uploads\/2026\/03\/mobil-home-2-chambres-300x200.webp 300w, https:\/\/site18.monsitecommeunpro.fr\/wp-content\/uploads\/2026\/03\/mobil-home-2-chambres-768x512.webp 768w, https:\/\/site18.monsitecommeunpro.fr\/wp-content\/uploads\/2026\/03\/mobil-home-2-chambres-1536x1024.webp 1536w, https:\/\/site18.monsitecommeunpro.fr\/wp-content\/uploads\/2026\/03\/mobil-home-2-chambres.webp 2000w\" sizes=\"auto, (max-width: 1024px) 100vw, 1024px\" \/><\/figure>\n\n\n\n<figure class=\"wp-block-image size-large\"><img loading=\"lazy\" decoding=\"async\" width=\"330\" height=\"209\" data-id=\"133\" src=\"https:\/\/site18.monsitecommeunpro.fr\/wp-content\/uploads\/2026\/03\/image-1.jpg\" alt=\"\" class=\"wp-image-133\" srcset=\"https:\/\/site18.monsitecommeunpro.fr\/wp-content\/uploads\/2026\/03\/image-1.jpg 330w, https:\/\/site18.monsitecommeunpro.fr\/wp-content\/uploads\/2026\/03\/image-1-300x190.jpg 300w\" sizes=\"auto, (max-width: 330px) 100vw, 330px\" \/><\/figure>\n<\/figure>\n\n\n\n<figure class=\"wp-block-gallery has-nested-images columns-default is-cropped wp-block-gallery-2 is-layout-flex wp-block-gallery-is-layout-flex\">\n<figure class=\"wp-block-image size-large\"><img loading=\"lazy\" decoding=\"async\" width=\"1024\" height=\"768\" data-id=\"80\" src=\"https:\/\/site18.monsitecommeunpro.fr\/wp-content\/uploads\/2026\/03\/01-1024x768.webp\" alt=\"\" class=\"wp-image-80\" srcset=\"https:\/\/site18.monsitecommeunpro.fr\/wp-content\/uploads\/2026\/03\/01-1024x768.webp 1024w, https:\/\/site18.monsitecommeunpro.fr\/wp-content\/uploads\/2026\/03\/01-300x225.webp 300w, https:\/\/site18.monsitecommeunpro.fr\/wp-content\/uploads\/2026\/03\/01-768x576.webp 768w, https:\/\/site18.monsitecommeunpro.fr\/wp-content\/uploads\/2026\/03\/01.webp 1280w\" sizes=\"auto, (max-width: 1024px) 100vw, 1024px\" \/><\/figure>\n\n\n\n<figure class=\"wp-block-image size-large\"><img loading=\"lazy\" decoding=\"async\" width=\"1000\" height=\"500\" data-id=\"130\" src=\"https:\/\/site18.monsitecommeunpro.fr\/wp-content\/uploads\/2026\/03\/parc-aquatique-du-camping-mayotte-vacances.jpg\" alt=\"\" class=\"wp-image-130\" srcset=\"https:\/\/site18.monsitecommeunpro.fr\/wp-content\/uploads\/2026\/03\/parc-aquatique-du-camping-mayotte-vacances.jpg 1000w, https:\/\/site18.monsitecommeunpro.fr\/wp-content\/uploads\/2026\/03\/parc-aquatique-du-camping-mayotte-vacances-300x150.jpg 300w, https:\/\/site18.monsitecommeunpro.fr\/wp-content\/uploads\/2026\/03\/parc-aquatique-du-camping-mayotte-vacances-768x384.jpg 768w\" sizes=\"auto, (max-width: 1000px) 100vw, 1000px\" \/><\/figure>\n\n\n\n<figure class=\"wp-block-image size-large\"><img loading=\"lazy\" decoding=\"async\" width=\"843\" height=\"458\" data-id=\"134\" src=\"https:\/\/site18.monsitecommeunpro.fr\/wp-content\/uploads\/2026\/03\/000062465.webp\" alt=\"\" class=\"wp-image-134\" srcset=\"https:\/\/site18.monsitecommeunpro.fr\/wp-content\/uploads\/2026\/03\/000062465.webp 843w, https:\/\/site18.monsitecommeunpro.fr\/wp-content\/uploads\/2026\/03\/000062465-300x163.webp 300w, https:\/\/site18.monsitecommeunpro.fr\/wp-content\/uploads\/2026\/03\/000062465-768x417.webp 768w\" sizes=\"auto, (max-width: 843px) 100vw, 843px\" \/><\/figure>\n<\/figure>\n\n\n\n<figure class=\"wp-block-gallery has-nested-images columns-default is-cropped wp-block-gallery-3 is-layout-flex wp-block-gallery-is-layout-flex\">\n<figure class=\"wp-block-image size-full\"><img loading=\"lazy\" decoding=\"async\" width=\"1000\" height=\"500\" data-id=\"130\" src=\"https:\/\/site18.monsitecommeunpro.fr\/wp-content\/uploads\/2026\/03\/parc-aquatique-du-camping-mayotte-vacances.jpg\" alt=\"\" class=\"wp-image-130\" srcset=\"https:\/\/site18.monsitecommeunpro.fr\/wp-content\/uploads\/2026\/03\/parc-aquatique-du-camping-mayotte-vacances.jpg 1000w, https:\/\/site18.monsitecommeunpro.fr\/wp-content\/uploads\/2026\/03\/parc-aquatique-du-camping-mayotte-vacances-300x150.jpg 300w, https:\/\/site18.monsitecommeunpro.fr\/wp-content\/uploads\/2026\/03\/parc-aquatique-du-camping-mayotte-vacances-768x384.jpg 768w\" sizes=\"auto, (max-width: 1000px) 100vw, 1000px\" \/><\/figure>\n\n\n\n<figure class=\"wp-block-image size-full\"><img loading=\"lazy\" decoding=\"async\" width=\"850\" height=\"550\" data-id=\"138\" src=\"https:\/\/site18.monsitecommeunpro.fr\/wp-content\/uploads\/2026\/03\/camping-bel-ete-d-anduze_63caa03f4fb16_xl.jpg\" alt=\"\" class=\"wp-image-138\" srcset=\"https:\/\/site18.monsitecommeunpro.fr\/wp-content\/uploads\/2026\/03\/camping-bel-ete-d-anduze_63caa03f4fb16_xl.jpg 850w, https:\/\/site18.monsitecommeunpro.fr\/wp-content\/uploads\/2026\/03\/camping-bel-ete-d-anduze_63caa03f4fb16_xl-300x194.jpg 300w, https:\/\/site18.monsitecommeunpro.fr\/wp-content\/uploads\/2026\/03\/camping-bel-ete-d-anduze_63caa03f4fb16_xl-768x497.jpg 768w\" sizes=\"auto, (max-width: 850px) 100vw, 850px\" \/><\/figure>\n\n\n\n<figure class=\"wp-block-image size-full\"><img loading=\"lazy\" decoding=\"async\" width=\"1536\" height=\"864\" data-id=\"135\" src=\"https:\/\/site18.monsitecommeunpro.fr\/wp-content\/uploads\/2026\/03\/camping-les-brunelles-camping-met-waterpark-in-frankrijk-vendee-1-1536x864-1.jpeg\" alt=\"\" class=\"wp-image-135\" srcset=\"https:\/\/site18.monsitecommeunpro.fr\/wp-content\/uploads\/2026\/03\/camping-les-brunelles-camping-met-waterpark-in-frankrijk-vendee-1-1536x864-1.jpeg 1536w, https:\/\/site18.monsitecommeunpro.fr\/wp-content\/uploads\/2026\/03\/camping-les-brunelles-camping-met-waterpark-in-frankrijk-vendee-1-1536x864-1-300x169.jpeg 300w, https:\/\/site18.monsitecommeunpro.fr\/wp-content\/uploads\/2026\/03\/camping-les-brunelles-camping-met-waterpark-in-frankrijk-vendee-1-1536x864-1-1024x576.jpeg 1024w, https:\/\/site18.monsitecommeunpro.fr\/wp-content\/uploads\/2026\/03\/camping-les-brunelles-camping-met-waterpark-in-frankrijk-vendee-1-1536x864-1-768x432.jpeg 768w\" sizes=\"auto, (max-width: 1536px) 100vw, 1536px\" \/><\/figure>\n<\/figure>\n\n\n\n<figure class=\"wp-block-gallery has-nested-images columns-default is-cropped wp-block-gallery-4 is-layout-flex wp-block-gallery-is-layout-flex\">\n<figure class=\"wp-block-image size-full\"><img loading=\"lazy\" decoding=\"async\" width=\"1024\" height=\"417\" data-id=\"131\" src=\"https:\/\/site18.monsitecommeunpro.fr\/wp-content\/uploads\/2026\/03\/banniere-camping-morbihan-piscine-1024x417-1.webp\" alt=\"\" class=\"wp-image-131\" srcset=\"https:\/\/site18.monsitecommeunpro.fr\/wp-content\/uploads\/2026\/03\/banniere-camping-morbihan-piscine-1024x417-1.webp 1024w, https:\/\/site18.monsitecommeunpro.fr\/wp-content\/uploads\/2026\/03\/banniere-camping-morbihan-piscine-1024x417-1-300x122.webp 300w, https:\/\/site18.monsitecommeunpro.fr\/wp-content\/uploads\/2026\/03\/banniere-camping-morbihan-piscine-1024x417-1-768x313.webp 768w\" sizes=\"auto, (max-width: 1024px) 100vw, 1024px\" \/><\/figure>\n\n\n\n<figure class=\"wp-block-image size-full\"><img loading=\"lazy\" decoding=\"async\" width=\"850\" height=\"550\" data-id=\"138\" src=\"https:\/\/site18.monsitecommeunpro.fr\/wp-content\/uploads\/2026\/03\/camping-bel-ete-d-anduze_63caa03f4fb16_xl.jpg\" alt=\"\" class=\"wp-image-138\" srcset=\"https:\/\/site18.monsitecommeunpro.fr\/wp-content\/uploads\/2026\/03\/camping-bel-ete-d-anduze_63caa03f4fb16_xl.jpg 850w, https:\/\/site18.monsitecommeunpro.fr\/wp-content\/uploads\/2026\/03\/camping-bel-ete-d-anduze_63caa03f4fb16_xl-300x194.jpg 300w, https:\/\/site18.monsitecommeunpro.fr\/wp-content\/uploads\/2026\/03\/camping-bel-ete-d-anduze_63caa03f4fb16_xl-768x497.jpg 768w\" sizes=\"auto, (max-width: 850px) 100vw, 850px\" \/><\/figure>\n\n\n\n<figure class=\"wp-block-image size-full\"><img loading=\"lazy\" decoding=\"async\" width=\"765\" height=\"430\" data-id=\"136\" src=\"https:\/\/site18.monsitecommeunpro.fr\/wp-content\/uploads\/2026\/03\/les-catalpas-de-royan_222127.webp\" alt=\"\" class=\"wp-image-136\" srcset=\"https:\/\/site18.monsitecommeunpro.fr\/wp-content\/uploads\/2026\/03\/les-catalpas-de-royan_222127.webp 765w, https:\/\/site18.monsitecommeunpro.fr\/wp-content\/uploads\/2026\/03\/les-catalpas-de-royan_222127-300x169.webp 300w\" sizes=\"auto, (max-width: 765px) 100vw, 765px\" \/><\/figure>\n<\/figure>\n\n\n\n<p><\/p>\n\n\n\n<p><\/p>\n\n\n\n<h2 class=\"wp-block-heading\"><\/h2>\n\n\n\n<p><\/p>\n\n\n\n<p><\/p>\n","protected":false},"excerpt":{"rendered":"<p>Venez profiter de vacances inoubliables dans nos campings enti\u00e8rement \u00e9quip\u00e9s ! \ud83c\udfca\u200d\u2640\ufe0f\u2600\ufe0fEntre piscines, toboggans, animations et activit\u00e9s pour toute la [&hellip;]<\/p>\n","protected":false},"author":1,"featured_media":0,"parent":0,"menu_order":0,"comment_status":"closed","ping_status":"closed","template":"","meta":{"site-sidebar-layout":"default","site-content-layout":"","ast-site-content-layout":"default","site-content-style":"default","site-sidebar-style":"default","ast-global-header-display":"","ast-banner-title-visibility":"","ast-main-header-display":"","ast-hfb-above-header-display":"","ast-hfb-below-header-display":"","ast-hfb-mobile-header-display":"","site-post-title":"","ast-breadcrumbs-content":"","ast-featured-img":"","footer-sml-layout":"","ast-disable-related-posts":"","theme-transparent-header-meta":"","adv-header-id-meta":"","stick-header-meta":"","header-above-stick-meta":"","header-main-stick-meta":"","header-below-stick-meta":"","astra-migrate-meta-layouts":"default","ast-page-background-enabled":"default","ast-page-background-meta":{"desktop":{"background-color":"var(--ast-global-color-5)","background-image":"","background-repeat":"repeat","background-position":"center center","background-size":"auto","background-attachment":"scroll","background-type":"","background-media":"","overlay-type":"","overlay-color":"","overlay-opacity":"","overlay-gradient":""},"tablet":{"background-color":"","background-image":"","background-repeat":"repeat","background-position":"center center","background-size":"auto","background-attachment":"scroll","background-type":"","background-media":"","overlay-type":"","overlay-color":"","overlay-opacity":"","overlay-gradient":""},"mobile":{"background-color":"","background-image":"","background-repeat":"repeat","background-position":"center center","background-size":"auto","background-attachment":"scroll","background-type":"","background-media":"","overlay-type":"","overlay-color":"","overlay-opacity":"","overlay-gradient":""}},"ast-content-background-meta":{"desktop":{"background-color":"var(--ast-global-color-4)","background-image":"","background-repeat":"repeat","background-position":"center center","background-size":"auto","background-attachment":"scroll","background-type":"","background-media":"","overlay-type":"","overlay-color":"","overlay-opacity":"","overlay-gradient":""},"tablet":{"background-color":"var(--ast-global-color-4)","background-image":"","background-repeat":"repeat","background-position":"center center","background-size":"auto","background-attachment":"scroll","background-type":"","background-media":"","overlay-type":"","overlay-color":"","overlay-opacity":"","overlay-gradient":""},"mobile":{"background-color":"var(--ast-global-color-4)","background-image":"","background-repeat":"repeat","background-position":"center center","background-size":"auto","background-attachment":"scroll","background-type":"","background-media":"","overlay-type":"","overlay-color":"","overlay-opacity":"","overlay-gradient":""}},"footnotes":""},"class_list":["post-53","page","type-page","status-publish","hentry"],"yoast_head":"<!-- This site is optimized with the Yoast SEO plugin v27.0 - https:\/\/yoast.com\/product\/yoast-seo-wordpress\/ -->\n<title>camping -<\/title>\n<meta name=\"robots\" content=\"index, follow, max-snippet:-1, max-image-preview:large, max-video-preview:-1\" \/>\n<link rel=\"canonical\" href=\"https:\/\/site18.monsitecommeunpro.fr\/?page_id=53\" \/>\n<meta property=\"og:locale\" content=\"fr_FR\" \/>\n<meta property=\"og:type\" content=\"article\" \/>\n<meta property=\"og:title\" content=\"camping -\" \/>\n<meta property=\"og:description\" content=\"Venez profiter de vacances inoubliables dans nos campings enti\u00e8rement \u00e9quip\u00e9s ! \ud83c\udfca\u200d\u2640\ufe0f\u2600\ufe0fEntre piscines, toboggans, animations et activit\u00e9s pour toute la [&hellip;]\" \/>\n<meta property=\"og:url\" content=\"https:\/\/site18.monsitecommeunpro.fr\/?page_id=53\" \/>\n<meta property=\"article:modified_time\" content=\"2026-03-16T10:37:08+00:00\" \/>\n<meta property=\"og:image\" content=\"https:\/\/site18.monsitecommeunpro.fr\/wp-content\/uploads\/2026\/03\/03.webp\" \/>\n\t<meta property=\"og:image:width\" content=\"1280\" \/>\n\t<meta property=\"og:image:height\" content=\"960\" \/>\n\t<meta property=\"og:image:type\" content=\"image\/webp\" \/>\n<meta name=\"twitter:card\" content=\"summary_large_image\" \/>\n<meta name=\"twitter:label1\" content=\"Dur\u00e9e de lecture estim\u00e9e\" \/>\n\t<meta name=\"twitter:data1\" content=\"1 minute\" \/>\n<script type=\"application\/ld+json\" class=\"yoast-schema-graph\">{\"@context\":\"https:\/\/schema.org\",\"@graph\":[{\"@type\":\"WebPage\",\"@id\":\"https:\/\/site18.monsitecommeunpro.fr\/?page_id=53\",\"url\":\"https:\/\/site18.monsitecommeunpro.fr\/?page_id=53\",\"name\":\"camping -\",\"isPartOf\":{\"@id\":\"https:\/\/site18.monsitecommeunpro.fr\/#website\"},\"primaryImageOfPage\":{\"@id\":\"https:\/\/site18.monsitecommeunpro.fr\/?page_id=53#primaryimage\"},\"image\":{\"@id\":\"https:\/\/site18.monsitecommeunpro.fr\/?page_id=53#primaryimage\"},\"thumbnailUrl\":\"https:\/\/site18.monsitecommeunpro.fr\/wp-content\/uploads\/2026\/03\/03-1024x768.webp\",\"datePublished\":\"2026-03-03T09:58:38+00:00\",\"dateModified\":\"2026-03-16T10:37:08+00:00\",\"breadcrumb\":{\"@id\":\"https:\/\/site18.monsitecommeunpro.fr\/?page_id=53#breadcrumb\"},\"inLanguage\":\"fr-FR\",\"potentialAction\":[{\"@type\":\"ReadAction\",\"target\":[\"https:\/\/site18.monsitecommeunpro.fr\/?page_id=53\"]}]},{\"@type\":\"ImageObject\",\"inLanguage\":\"fr-FR\",\"@id\":\"https:\/\/site18.monsitecommeunpro.fr\/?page_id=53#primaryimage\",\"url\":\"https:\/\/site18.monsitecommeunpro.fr\/wp-content\/uploads\/2026\/03\/03.webp\",\"contentUrl\":\"https:\/\/site18.monsitecommeunpro.fr\/wp-content\/uploads\/2026\/03\/03.webp\",\"width\":1280,\"height\":960},{\"@type\":\"BreadcrumbList\",\"@id\":\"https:\/\/site18.monsitecommeunpro.fr\/?page_id=53#breadcrumb\",\"itemListElement\":[{\"@type\":\"ListItem\",\"position\":1,\"name\":\"Accueil\",\"item\":\"https:\/\/site18.monsitecommeunpro.fr\/\"},{\"@type\":\"ListItem\",\"position\":2,\"name\":\"camping\"}]},{\"@type\":\"WebSite\",\"@id\":\"https:\/\/site18.monsitecommeunpro.fr\/#website\",\"url\":\"https:\/\/site18.monsitecommeunpro.fr\/\",\"name\":\"\",\"description\":\"\",\"potentialAction\":[{\"@type\":\"SearchAction\",\"target\":{\"@type\":\"EntryPoint\",\"urlTemplate\":\"https:\/\/site18.monsitecommeunpro.fr\/?s={search_term_string}\"},\"query-input\":{\"@type\":\"PropertyValueSpecification\",\"valueRequired\":true,\"valueName\":\"search_term_string\"}}],\"inLanguage\":\"fr-FR\"}]}<\/script>\n<!-- \/ Yoast SEO plugin. -->","yoast_head_json":{"title":"camping -","robots":{"index":"index","follow":"follow","max-snippet":"max-snippet:-1","max-image-preview":"max-image-preview:large","max-video-preview":"max-video-preview:-1"},"canonical":"https:\/\/site18.monsitecommeunpro.fr\/?page_id=53","og_locale":"fr_FR","og_type":"article","og_title":"camping -","og_description":"Venez profiter de vacances inoubliables dans nos campings enti\u00e8rement \u00e9quip\u00e9s ! \ud83c\udfca\u200d\u2640\ufe0f\u2600\ufe0fEntre piscines, toboggans, animations et activit\u00e9s pour toute la [&hellip;]","og_url":"https:\/\/site18.monsitecommeunpro.fr\/?page_id=53","article_modified_time":"2026-03-16T10:37:08+00:00","og_image":[{"width":1280,"height":960,"url":"https:\/\/site18.monsitecommeunpro.fr\/wp-content\/uploads\/2026\/03\/03.webp","type":"image\/webp"}],"twitter_card":"summary_large_image","twitter_misc":{"Dur\u00e9e de lecture estim\u00e9e":"1 minute"},"schema":{"@context":"https:\/\/schema.org","@graph":[{"@type":"WebPage","@id":"https:\/\/site18.monsitecommeunpro.fr\/?page_id=53","url":"https:\/\/site18.monsitecommeunpro.fr\/?page_id=53","name":"camping -","isPartOf":{"@id":"https:\/\/site18.monsitecommeunpro.fr\/#website"},"primaryImageOfPage":{"@id":"https:\/\/site18.monsitecommeunpro.fr\/?page_id=53#primaryimage"},"image":{"@id":"https:\/\/site18.monsitecommeunpro.fr\/?page_id=53#primaryimage"},"thumbnailUrl":"https:\/\/site18.monsitecommeunpro.fr\/wp-content\/uploads\/2026\/03\/03-1024x768.webp","datePublished":"2026-03-03T09:58:38+00:00","dateModified":"2026-03-16T10:37:08+00:00","breadcrumb":{"@id":"https:\/\/site18.monsitecommeunpro.fr\/?page_id=53#breadcrumb"},"inLanguage":"fr-FR","potentialAction":[{"@type":"ReadAction","target":["https:\/\/site18.monsitecommeunpro.fr\/?page_id=53"]}]},{"@type":"ImageObject","inLanguage":"fr-FR","@id":"https:\/\/site18.monsitecommeunpro.fr\/?page_id=53#primaryimage","url":"https:\/\/site18.monsitecommeunpro.fr\/wp-content\/uploads\/2026\/03\/03.webp","contentUrl":"https:\/\/site18.monsitecommeunpro.fr\/wp-content\/uploads\/2026\/03\/03.webp","width":1280,"height":960},{"@type":"BreadcrumbList","@id":"https:\/\/site18.monsitecommeunpro.fr\/?page_id=53#breadcrumb","itemListElement":[{"@type":"ListItem","position":1,"name":"Accueil","item":"https:\/\/site18.monsitecommeunpro.fr\/"},{"@type":"ListItem","position":2,"name":"camping"}]},{"@type":"WebSite","@id":"https:\/\/site18.monsitecommeunpro.fr\/#website","url":"https:\/\/site18.monsitecommeunpro.fr\/","name":"","description":"","potentialAction":[{"@type":"SearchAction","target":{"@type":"EntryPoint","urlTemplate":"https:\/\/site18.monsitecommeunpro.fr\/?s={search_term_string}"},"query-input":{"@type":"PropertyValueSpecification","valueRequired":true,"valueName":"search_term_string"}}],"inLanguage":"fr-FR"}]}},"_links":{"self":[{"href":"https:\/\/site18.monsitecommeunpro.fr\/index.php?rest_route=\/wp\/v2\/pages\/53","targetHints":{"allow":["GET"]}}],"collection":[{"href":"https:\/\/site18.monsitecommeunpro.fr\/index.php?rest_route=\/wp\/v2\/pages"}],"about":[{"href":"https:\/\/site18.monsitecommeunpro.fr\/index.php?rest_route=\/wp\/v2\/types\/page"}],"author":[{"embeddable":true,"href":"https:\/\/site18.monsitecommeunpro.fr\/index.php?rest_route=\/wp\/v2\/users\/1"}],"replies":[{"embeddable":true,"href":"https:\/\/site18.monsitecommeunpro.fr\/index.php?rest_route=%2Fwp%2Fv2%2Fcomments&post=53"}],"version-history":[{"count":8,"href":"https:\/\/site18.monsitecommeunpro.fr\/index.php?rest_route=\/wp\/v2\/pages\/53\/revisions"}],"predecessor-version":[{"id":202,"href":"https:\/\/site18.monsitecommeunpro.fr\/index.php?rest_route=\/wp\/v2\/pages\/53\/revisions\/202"}],"wp:attachment":[{"href":"https:\/\/site18.monsitecommeunpro.fr\/index.php?rest_route=%2Fwp%2Fv2%2Fmedia&parent=53"}],"curies":[{"name":"wp","href":"https:\/\/api.w.org\/{rel}","templated":true}]}}