{"id":51,"date":"2026-03-03T10:58:26","date_gmt":"2026-03-03T09:58:26","guid":{"rendered":"https:\/\/site18.monsitecommeunpro.fr\/?page_id=51"},"modified":"2026-03-16T11:30:31","modified_gmt":"2026-03-16T10:30:31","slug":"derniere-minute","status":"publish","type":"page","link":"https:\/\/site18.monsitecommeunpro.fr\/?page_id=51","title":{"rendered":"derni\u00e8re minute"},"content":{"rendered":"\n<figure class=\"wp-block-image size-full\"><img loading=\"lazy\" decoding=\"async\" width=\"1280\" height=\"300\" src=\"https:\/\/site18.monsitecommeunpro.fr\/wp-content\/uploads\/2026\/03\/last-minute-1280-300-v02.jpg\" alt=\"\" class=\"wp-image-143\" srcset=\"https:\/\/site18.monsitecommeunpro.fr\/wp-content\/uploads\/2026\/03\/last-minute-1280-300-v02.jpg 1280w, https:\/\/site18.monsitecommeunpro.fr\/wp-content\/uploads\/2026\/03\/last-minute-1280-300-v02-300x70.jpg 300w, https:\/\/site18.monsitecommeunpro.fr\/wp-content\/uploads\/2026\/03\/last-minute-1280-300-v02-1024x240.jpg 1024w, https:\/\/site18.monsitecommeunpro.fr\/wp-content\/uploads\/2026\/03\/last-minute-1280-300-v02-768x180.jpg 768w\" sizes=\"auto, (max-width: 1280px) 100vw, 1280px\" \/><\/figure>\n\n\n\n<h2 class=\"wp-block-heading\">Offres Derni\u00e8re Minute<\/h2>\n\n\n\n<p>Envie de partir vite et profiter de vacances de r\u00eave ? \u23f0\u2708\ufe0f<br>Nos <strong>offres Derni\u00e8re Minute<\/strong> vous permettent de profiter des meilleurs campings et s\u00e9jours <strong>tout compris<\/strong>, avec piscines, activit\u00e9s et h\u00e9bergements confortables, \u00e0 des prix incroyables !<\/p>\n\n\n\n<p><strong>Pourquoi choisir nos offres Derni\u00e8re Minute ?<\/strong><\/p>\n\n\n\n<ul class=\"wp-block-list\">\n<li>Des r\u00e9ductions exclusives sur les s\u00e9jours proches<\/li>\n\n\n\n<li>Acc\u00e8s aux piscines, toboggans et activit\u00e9s d\u00e8s votre arriv\u00e9e<\/li>\n\n\n\n<li>H\u00e9bergements modernes et tout confort<\/li>\n\n\n\n<li>Vacances fun et d\u00e9tente garanties pour toute la famille<\/li>\n<\/ul>\n\n\n\n<p>Ne perdez pas de temps, ces offres partent vite ! R\u00e9servez d\u00e8s maintenant et pr\u00e9parez-vous \u00e0 vivre des moments inoubliables. \ud83c\udf1e<\/p>\n\n\n\n<figure class=\"wp-block-gallery has-nested-images columns-default is-cropped wp-block-gallery-1 is-layout-flex wp-block-gallery-is-layout-flex\">\n<figure class=\"wp-block-image size-full\"><img loading=\"lazy\" decoding=\"async\" width=\"720\" height=\"474\" data-id=\"145\" src=\"https:\/\/site18.monsitecommeunpro.fr\/wp-content\/uploads\/2026\/03\/image-derniere-minute-juillet-vvf-2024.webp\" alt=\"\" class=\"wp-image-145\" srcset=\"https:\/\/site18.monsitecommeunpro.fr\/wp-content\/uploads\/2026\/03\/image-derniere-minute-juillet-vvf-2024.webp 720w, https:\/\/site18.monsitecommeunpro.fr\/wp-content\/uploads\/2026\/03\/image-derniere-minute-juillet-vvf-2024-300x198.webp 300w\" sizes=\"auto, (max-width: 720px) 100vw, 720px\" \/><\/figure>\n\n\n\n<figure class=\"wp-block-image size-full\"><img loading=\"lazy\" decoding=\"async\" width=\"720\" height=\"480\" data-id=\"144\" src=\"https:\/\/site18.monsitecommeunpro.fr\/wp-content\/uploads\/2026\/03\/image-promo-derniere-minute-juillet-2025-vvf.webp\" alt=\"\" class=\"wp-image-144\" srcset=\"https:\/\/site18.monsitecommeunpro.fr\/wp-content\/uploads\/2026\/03\/image-promo-derniere-minute-juillet-2025-vvf.webp 720w, https:\/\/site18.monsitecommeunpro.fr\/wp-content\/uploads\/2026\/03\/image-promo-derniere-minute-juillet-2025-vvf-300x200.webp 300w\" sizes=\"auto, (max-width: 720px) 100vw, 720px\" \/><\/figure>\n\n\n\n<figure class=\"wp-block-image size-full\"><img loading=\"lazy\" decoding=\"async\" width=\"1920\" height=\"686\" data-id=\"148\" src=\"https:\/\/site18.monsitecommeunpro.fr\/wp-content\/uploads\/2026\/03\/6964d38731984.webp\" alt=\"\" class=\"wp-image-148\" srcset=\"https:\/\/site18.monsitecommeunpro.fr\/wp-content\/uploads\/2026\/03\/6964d38731984.webp 1920w, https:\/\/site18.monsitecommeunpro.fr\/wp-content\/uploads\/2026\/03\/6964d38731984-300x107.webp 300w, https:\/\/site18.monsitecommeunpro.fr\/wp-content\/uploads\/2026\/03\/6964d38731984-1024x366.webp 1024w, https:\/\/site18.monsitecommeunpro.fr\/wp-content\/uploads\/2026\/03\/6964d38731984-768x274.webp 768w, https:\/\/site18.monsitecommeunpro.fr\/wp-content\/uploads\/2026\/03\/6964d38731984-1536x549.webp 1536w\" sizes=\"auto, (max-width: 1920px) 100vw, 1920px\" \/><\/figure>\n<\/figure>\n\n\n\n<figure class=\"wp-block-gallery has-nested-images columns-default is-cropped wp-block-gallery-2 is-layout-flex wp-block-gallery-is-layout-flex\">\n<figure class=\"wp-block-image size-full\"><img loading=\"lazy\" decoding=\"async\" width=\"766\" height=\"442\" data-id=\"146\" src=\"https:\/\/site18.monsitecommeunpro.fr\/wp-content\/uploads\/2026\/03\/024_DM_Ete2.jpg\" alt=\"\" class=\"wp-image-146\" srcset=\"https:\/\/site18.monsitecommeunpro.fr\/wp-content\/uploads\/2026\/03\/024_DM_Ete2.jpg 766w, https:\/\/site18.monsitecommeunpro.fr\/wp-content\/uploads\/2026\/03\/024_DM_Ete2-300x173.jpg 300w\" sizes=\"auto, (max-width: 766px) 100vw, 766px\" \/><\/figure>\n\n\n\n<figure class=\"wp-block-image size-full\"><img loading=\"lazy\" decoding=\"async\" width=\"800\" height=\"800\" data-id=\"147\" src=\"https:\/\/site18.monsitecommeunpro.fr\/wp-content\/uploads\/2026\/03\/promotion-sunweb.jpg\" alt=\"\" class=\"wp-image-147\" srcset=\"https:\/\/site18.monsitecommeunpro.fr\/wp-content\/uploads\/2026\/03\/promotion-sunweb.jpg 800w, https:\/\/site18.monsitecommeunpro.fr\/wp-content\/uploads\/2026\/03\/promotion-sunweb-300x300.jpg 300w, https:\/\/site18.monsitecommeunpro.fr\/wp-content\/uploads\/2026\/03\/promotion-sunweb-150x150.jpg 150w, https:\/\/site18.monsitecommeunpro.fr\/wp-content\/uploads\/2026\/03\/promotion-sunweb-768x768.jpg 768w\" sizes=\"auto, (max-width: 800px) 100vw, 800px\" \/><\/figure>\n\n\n\n<figure class=\"wp-block-image size-full\"><img loading=\"lazy\" decoding=\"async\" width=\"1280\" height=\"300\" data-id=\"143\" src=\"https:\/\/site18.monsitecommeunpro.fr\/wp-content\/uploads\/2026\/03\/last-minute-1280-300-v02.jpg\" alt=\"\" class=\"wp-image-143\" srcset=\"https:\/\/site18.monsitecommeunpro.fr\/wp-content\/uploads\/2026\/03\/last-minute-1280-300-v02.jpg 1280w, https:\/\/site18.monsitecommeunpro.fr\/wp-content\/uploads\/2026\/03\/last-minute-1280-300-v02-300x70.jpg 300w, https:\/\/site18.monsitecommeunpro.fr\/wp-content\/uploads\/2026\/03\/last-minute-1280-300-v02-1024x240.jpg 1024w, https:\/\/site18.monsitecommeunpro.fr\/wp-content\/uploads\/2026\/03\/last-minute-1280-300-v02-768x180.jpg 768w\" sizes=\"auto, (max-width: 1280px) 100vw, 1280px\" \/><\/figure>\n<\/figure>\n\n\n\n<p><\/p>\n","protected":false},"excerpt":{"rendered":"<p>Offres Derni\u00e8re Minute Envie de partir vite et profiter de vacances de r\u00eave ? \u23f0\u2708\ufe0fNos offres Derni\u00e8re Minute vous permettent [&hellip;]<\/p>\n","protected":false},"author":1,"featured_media":0,"parent":0,"menu_order":0,"comment_status":"closed","ping_status":"closed","template":"","meta":{"site-sidebar-layout":"default","site-content-layout":"","ast-site-content-layout":"default","site-content-style":"default","site-sidebar-style":"default","ast-global-header-display":"","ast-banner-title-visibility":"","ast-main-header-display":"","ast-hfb-above-header-display":"","ast-hfb-below-header-display":"","ast-hfb-mobile-header-display":"","site-post-title":"","ast-breadcrumbs-content":"","ast-featured-img":"","footer-sml-layout":"","ast-disable-related-posts":"","theme-transparent-header-meta":"","adv-header-id-meta":"","stick-header-meta":"","header-above-stick-meta":"","header-main-stick-meta":"","header-below-stick-meta":"","astra-migrate-meta-layouts":"default","ast-page-background-enabled":"default","ast-page-background-meta":{"desktop":{"background-color":"var(--ast-global-color-5)","background-image":"","background-repeat":"repeat","background-position":"center center","background-size":"auto","background-attachment":"scroll","background-type":"","background-media":"","overlay-type":"","overlay-color":"","overlay-opacity":"","overlay-gradient":""},"tablet":{"background-color":"","background-image":"","background-repeat":"repeat","background-position":"center center","background-size":"auto","background-attachment":"scroll","background-type":"","background-media":"","overlay-type":"","overlay-color":"","overlay-opacity":"","overlay-gradient":""},"mobile":{"background-color":"","background-image":"","background-repeat":"repeat","background-position":"center center","background-size":"auto","background-attachment":"scroll","background-type":"","background-media":"","overlay-type":"","overlay-color":"","overlay-opacity":"","overlay-gradient":""}},"ast-content-background-meta":{"desktop":{"background-color":"var(--ast-global-color-4)","background-image":"","background-repeat":"repeat","background-position":"center center","background-size":"auto","background-attachment":"scroll","background-type":"","background-media":"","overlay-type":"","overlay-color":"","overlay-opacity":"","overlay-gradient":""},"tablet":{"background-color":"var(--ast-global-color-4)","background-image":"","background-repeat":"repeat","background-position":"center center","background-size":"auto","background-attachment":"scroll","background-type":"","background-media":"","overlay-type":"","overlay-color":"","overlay-opacity":"","overlay-gradient":""},"mobile":{"background-color":"var(--ast-global-color-4)","background-image":"","background-repeat":"repeat","background-position":"center center","background-size":"auto","background-attachment":"scroll","background-type":"","background-media":"","overlay-type":"","overlay-color":"","overlay-opacity":"","overlay-gradient":""}},"footnotes":""},"class_list":["post-51","page","type-page","status-publish","hentry"],"yoast_head":"<!-- This site is optimized with the Yoast SEO plugin v27.0 - https:\/\/yoast.com\/product\/yoast-seo-wordpress\/ -->\n<title>derni\u00e8re minute -<\/title>\n<meta name=\"robots\" content=\"index, follow, max-snippet:-1, max-image-preview:large, max-video-preview:-1\" \/>\n<link rel=\"canonical\" href=\"https:\/\/site18.monsitecommeunpro.fr\/?page_id=51\" \/>\n<meta property=\"og:locale\" content=\"fr_FR\" \/>\n<meta property=\"og:type\" content=\"article\" \/>\n<meta property=\"og:title\" content=\"derni\u00e8re minute -\" \/>\n<meta property=\"og:description\" content=\"Offres Derni\u00e8re Minute Envie de partir vite et profiter de vacances de r\u00eave ? \u23f0\u2708\ufe0fNos offres Derni\u00e8re Minute vous permettent [&hellip;]\" \/>\n<meta property=\"og:url\" content=\"https:\/\/site18.monsitecommeunpro.fr\/?page_id=51\" \/>\n<meta property=\"article:modified_time\" content=\"2026-03-16T10:30:31+00:00\" \/>\n<meta property=\"og:image\" content=\"https:\/\/site18.monsitecommeunpro.fr\/wp-content\/uploads\/2026\/03\/last-minute-1280-300-v02.jpg\" \/>\n\t<meta property=\"og:image:width\" content=\"1280\" \/>\n\t<meta property=\"og:image:height\" content=\"300\" \/>\n\t<meta property=\"og:image:type\" content=\"image\/jpeg\" \/>\n<meta name=\"twitter:card\" content=\"summary_large_image\" \/>\n<meta name=\"twitter:label1\" content=\"Dur\u00e9e de lecture estim\u00e9e\" \/>\n\t<meta name=\"twitter:data1\" content=\"1 minute\" \/>\n<script type=\"application\/ld+json\" class=\"yoast-schema-graph\">{\"@context\":\"https:\/\/schema.org\",\"@graph\":[{\"@type\":\"WebPage\",\"@id\":\"https:\/\/site18.monsitecommeunpro.fr\/?page_id=51\",\"url\":\"https:\/\/site18.monsitecommeunpro.fr\/?page_id=51\",\"name\":\"derni\u00e8re minute -\",\"isPartOf\":{\"@id\":\"https:\/\/site18.monsitecommeunpro.fr\/#website\"},\"primaryImageOfPage\":{\"@id\":\"https:\/\/site18.monsitecommeunpro.fr\/?page_id=51#primaryimage\"},\"image\":{\"@id\":\"https:\/\/site18.monsitecommeunpro.fr\/?page_id=51#primaryimage\"},\"thumbnailUrl\":\"https:\/\/site18.monsitecommeunpro.fr\/wp-content\/uploads\/2026\/03\/last-minute-1280-300-v02.jpg\",\"datePublished\":\"2026-03-03T09:58:26+00:00\",\"dateModified\":\"2026-03-16T10:30:31+00:00\",\"breadcrumb\":{\"@id\":\"https:\/\/site18.monsitecommeunpro.fr\/?page_id=51#breadcrumb\"},\"inLanguage\":\"fr-FR\",\"potentialAction\":[{\"@type\":\"ReadAction\",\"target\":[\"https:\/\/site18.monsitecommeunpro.fr\/?page_id=51\"]}]},{\"@type\":\"ImageObject\",\"inLanguage\":\"fr-FR\",\"@id\":\"https:\/\/site18.monsitecommeunpro.fr\/?page_id=51#primaryimage\",\"url\":\"https:\/\/site18.monsitecommeunpro.fr\/wp-content\/uploads\/2026\/03\/last-minute-1280-300-v02.jpg\",\"contentUrl\":\"https:\/\/site18.monsitecommeunpro.fr\/wp-content\/uploads\/2026\/03\/last-minute-1280-300-v02.jpg\",\"width\":1280,\"height\":300},{\"@type\":\"BreadcrumbList\",\"@id\":\"https:\/\/site18.monsitecommeunpro.fr\/?page_id=51#breadcrumb\",\"itemListElement\":[{\"@type\":\"ListItem\",\"position\":1,\"name\":\"Accueil\",\"item\":\"https:\/\/site18.monsitecommeunpro.fr\/\"},{\"@type\":\"ListItem\",\"position\":2,\"name\":\"derni\u00e8re minute\"}]},{\"@type\":\"WebSite\",\"@id\":\"https:\/\/site18.monsitecommeunpro.fr\/#website\",\"url\":\"https:\/\/site18.monsitecommeunpro.fr\/\",\"name\":\"\",\"description\":\"\",\"potentialAction\":[{\"@type\":\"SearchAction\",\"target\":{\"@type\":\"EntryPoint\",\"urlTemplate\":\"https:\/\/site18.monsitecommeunpro.fr\/?s={search_term_string}\"},\"query-input\":{\"@type\":\"PropertyValueSpecification\",\"valueRequired\":true,\"valueName\":\"search_term_string\"}}],\"inLanguage\":\"fr-FR\"}]}<\/script>\n<!-- \/ Yoast SEO plugin. -->","yoast_head_json":{"title":"derni\u00e8re minute -","robots":{"index":"index","follow":"follow","max-snippet":"max-snippet:-1","max-image-preview":"max-image-preview:large","max-video-preview":"max-video-preview:-1"},"canonical":"https:\/\/site18.monsitecommeunpro.fr\/?page_id=51","og_locale":"fr_FR","og_type":"article","og_title":"derni\u00e8re minute -","og_description":"Offres Derni\u00e8re Minute Envie de partir vite et profiter de vacances de r\u00eave ? \u23f0\u2708\ufe0fNos offres Derni\u00e8re Minute vous permettent [&hellip;]","og_url":"https:\/\/site18.monsitecommeunpro.fr\/?page_id=51","article_modified_time":"2026-03-16T10:30:31+00:00","og_image":[{"width":1280,"height":300,"url":"https:\/\/site18.monsitecommeunpro.fr\/wp-content\/uploads\/2026\/03\/last-minute-1280-300-v02.jpg","type":"image\/jpeg"}],"twitter_card":"summary_large_image","twitter_misc":{"Dur\u00e9e de lecture estim\u00e9e":"1 minute"},"schema":{"@context":"https:\/\/schema.org","@graph":[{"@type":"WebPage","@id":"https:\/\/site18.monsitecommeunpro.fr\/?page_id=51","url":"https:\/\/site18.monsitecommeunpro.fr\/?page_id=51","name":"derni\u00e8re minute -","isPartOf":{"@id":"https:\/\/site18.monsitecommeunpro.fr\/#website"},"primaryImageOfPage":{"@id":"https:\/\/site18.monsitecommeunpro.fr\/?page_id=51#primaryimage"},"image":{"@id":"https:\/\/site18.monsitecommeunpro.fr\/?page_id=51#primaryimage"},"thumbnailUrl":"https:\/\/site18.monsitecommeunpro.fr\/wp-content\/uploads\/2026\/03\/last-minute-1280-300-v02.jpg","datePublished":"2026-03-03T09:58:26+00:00","dateModified":"2026-03-16T10:30:31+00:00","breadcrumb":{"@id":"https:\/\/site18.monsitecommeunpro.fr\/?page_id=51#breadcrumb"},"inLanguage":"fr-FR","potentialAction":[{"@type":"ReadAction","target":["https:\/\/site18.monsitecommeunpro.fr\/?page_id=51"]}]},{"@type":"ImageObject","inLanguage":"fr-FR","@id":"https:\/\/site18.monsitecommeunpro.fr\/?page_id=51#primaryimage","url":"https:\/\/site18.monsitecommeunpro.fr\/wp-content\/uploads\/2026\/03\/last-minute-1280-300-v02.jpg","contentUrl":"https:\/\/site18.monsitecommeunpro.fr\/wp-content\/uploads\/2026\/03\/last-minute-1280-300-v02.jpg","width":1280,"height":300},{"@type":"BreadcrumbList","@id":"https:\/\/site18.monsitecommeunpro.fr\/?page_id=51#breadcrumb","itemListElement":[{"@type":"ListItem","position":1,"name":"Accueil","item":"https:\/\/site18.monsitecommeunpro.fr\/"},{"@type":"ListItem","position":2,"name":"derni\u00e8re minute"}]},{"@type":"WebSite","@id":"https:\/\/site18.monsitecommeunpro.fr\/#website","url":"https:\/\/site18.monsitecommeunpro.fr\/","name":"","description":"","potentialAction":[{"@type":"SearchAction","target":{"@type":"EntryPoint","urlTemplate":"https:\/\/site18.monsitecommeunpro.fr\/?s={search_term_string}"},"query-input":{"@type":"PropertyValueSpecification","valueRequired":true,"valueName":"search_term_string"}}],"inLanguage":"fr-FR"}]}},"_links":{"self":[{"href":"https:\/\/site18.monsitecommeunpro.fr\/index.php?rest_route=\/wp\/v2\/pages\/51","targetHints":{"allow":["GET"]}}],"collection":[{"href":"https:\/\/site18.monsitecommeunpro.fr\/index.php?rest_route=\/wp\/v2\/pages"}],"about":[{"href":"https:\/\/site18.monsitecommeunpro.fr\/index.php?rest_route=\/wp\/v2\/types\/page"}],"author":[{"embeddable":true,"href":"https:\/\/site18.monsitecommeunpro.fr\/index.php?rest_route=\/wp\/v2\/users\/1"}],"replies":[{"embeddable":true,"href":"https:\/\/site18.monsitecommeunpro.fr\/index.php?rest_route=%2Fwp%2Fv2%2Fcomments&post=51"}],"version-history":[{"count":5,"href":"https:\/\/site18.monsitecommeunpro.fr\/index.php?rest_route=\/wp\/v2\/pages\/51\/revisions"}],"predecessor-version":[{"id":200,"href":"https:\/\/site18.monsitecommeunpro.fr\/index.php?rest_route=\/wp\/v2\/pages\/51\/revisions\/200"}],"wp:attachment":[{"href":"https:\/\/site18.monsitecommeunpro.fr\/index.php?rest_route=%2Fwp%2Fv2%2Fmedia&parent=51"}],"curies":[{"name":"wp","href":"https:\/\/api.w.org\/{rel}","templated":true}]}}