{"id":47,"date":"2026-03-03T10:57:31","date_gmt":"2026-03-03T09:57:31","guid":{"rendered":"https:\/\/site18.monsitecommeunpro.fr\/?page_id=47"},"modified":"2026-03-16T11:44:39","modified_gmt":"2026-03-16T10:44:39","slug":"voiture","status":"publish","type":"page","link":"https:\/\/site18.monsitecommeunpro.fr\/?page_id=47","title":{"rendered":"voiture"},"content":{"rendered":"\n<h2 class=\"wp-block-heading\">Location de voiture<\/h2>\n\n\n\n<p>Simplifiez vos d\u00e9placements pendant vos vacances avec notre service de <strong>location de voiture<\/strong> ! \ud83d\ude97\ud83d\udca8<br>Choisissez parmi une large gamme de v\u00e9hicules adapt\u00e9s \u00e0 vos besoins : citadines, familiales ou SUV pour vos aventures. Avec nos locations, profitez de la libert\u00e9 totale pour explorer la r\u00e9gion \u00e0 votre rythme, sans contraintes.<\/p>\n\n\n\n<p><strong>Nos avantages :<\/strong><\/p>\n\n\n\n<ul class=\"wp-block-list\">\n<li>R\u00e9servation rapide et simple en ligne ou sur place<\/li>\n\n\n\n<li>V\u00e9hicules modernes et bien entretenus<\/li>\n\n\n\n<li>Tarifs flexibles adapt\u00e9s \u00e0 toutes les dur\u00e9es<\/li>\n\n\n\n<li>Assistance et service client disponibles 7j\/7<\/li>\n<\/ul>\n\n\n\n<p>Que ce soit pour un week-end, une semaine ou plus, nos voitures vous offrent confort et libert\u00e9 pour des vacances<\/p>\n\n\n\n<figure class=\"wp-block-gallery has-nested-images columns-default is-cropped wp-block-gallery-1 is-layout-flex wp-block-gallery-is-layout-flex\">\n<figure class=\"wp-block-image size-full\"><img loading=\"lazy\" decoding=\"async\" width=\"651\" height=\"403\" data-id=\"86\" src=\"https:\/\/site18.monsitecommeunpro.fr\/wp-content\/uploads\/2026\/03\/location-voiture-prestige.png\" alt=\"\" class=\"wp-image-86\" srcset=\"https:\/\/site18.monsitecommeunpro.fr\/wp-content\/uploads\/2026\/03\/location-voiture-prestige.png 651w, https:\/\/site18.monsitecommeunpro.fr\/wp-content\/uploads\/2026\/03\/location-voiture-prestige-300x186.png 300w\" sizes=\"auto, (max-width: 651px) 100vw, 651px\" \/><\/figure>\n\n\n\n<figure class=\"wp-block-image size-full\"><img loading=\"lazy\" decoding=\"async\" width=\"1818\" height=\"619\" data-id=\"169\" src=\"https:\/\/site18.monsitecommeunpro.fr\/wp-content\/uploads\/2026\/03\/h.png\" alt=\"\" class=\"wp-image-169\" srcset=\"https:\/\/site18.monsitecommeunpro.fr\/wp-content\/uploads\/2026\/03\/h.png 1818w, https:\/\/site18.monsitecommeunpro.fr\/wp-content\/uploads\/2026\/03\/h-300x102.png 300w, https:\/\/site18.monsitecommeunpro.fr\/wp-content\/uploads\/2026\/03\/h-1024x349.png 1024w, https:\/\/site18.monsitecommeunpro.fr\/wp-content\/uploads\/2026\/03\/h-768x261.png 768w, https:\/\/site18.monsitecommeunpro.fr\/wp-content\/uploads\/2026\/03\/h-1536x523.png 1536w\" sizes=\"auto, (max-width: 1818px) 100vw, 1818px\" \/><\/figure>\n\n\n\n<figure class=\"wp-block-image size-full\"><img loading=\"lazy\" decoding=\"async\" width=\"1280\" height=\"854\" data-id=\"168\" src=\"https:\/\/site18.monsitecommeunpro.fr\/wp-content\/uploads\/2026\/03\/cle-cession-voiture-pret.webp\" alt=\"\" class=\"wp-image-168\" srcset=\"https:\/\/site18.monsitecommeunpro.fr\/wp-content\/uploads\/2026\/03\/cle-cession-voiture-pret.webp 1280w, https:\/\/site18.monsitecommeunpro.fr\/wp-content\/uploads\/2026\/03\/cle-cession-voiture-pret-300x200.webp 300w, https:\/\/site18.monsitecommeunpro.fr\/wp-content\/uploads\/2026\/03\/cle-cession-voiture-pret-1024x683.webp 1024w, https:\/\/site18.monsitecommeunpro.fr\/wp-content\/uploads\/2026\/03\/cle-cession-voiture-pret-768x512.webp 768w\" sizes=\"auto, (max-width: 1280px) 100vw, 1280px\" \/><\/figure>\n<\/figure>\n\n\n\n<h2 class=\"wp-block-heading\"> r\u00e9ussies !<\/h2>\n\n\n\n<figure class=\"wp-block-gallery has-nested-images columns-default is-cropped wp-block-gallery-2 is-layout-flex wp-block-gallery-is-layout-flex\">\n<figure class=\"wp-block-image size-full\"><img loading=\"lazy\" decoding=\"async\" width=\"840\" height=\"405\" data-id=\"165\" src=\"https:\/\/site18.monsitecommeunpro.fr\/wp-content\/uploads\/2026\/03\/location-voiture-pas-cher.jpg\" alt=\"\" class=\"wp-image-165\" srcset=\"https:\/\/site18.monsitecommeunpro.fr\/wp-content\/uploads\/2026\/03\/location-voiture-pas-cher.jpg 840w, https:\/\/site18.monsitecommeunpro.fr\/wp-content\/uploads\/2026\/03\/location-voiture-pas-cher-300x145.jpg 300w, https:\/\/site18.monsitecommeunpro.fr\/wp-content\/uploads\/2026\/03\/location-voiture-pas-cher-768x370.jpg 768w\" sizes=\"auto, (max-width: 840px) 100vw, 840px\" \/><\/figure>\n\n\n\n<figure class=\"wp-block-image size-full\"><img loading=\"lazy\" decoding=\"async\" width=\"768\" height=\"212\" data-id=\"88\" src=\"https:\/\/site18.monsitecommeunpro.fr\/wp-content\/uploads\/2026\/03\/qui_peut_conduire_location_de_voiture.webp\" alt=\"\" class=\"wp-image-88\" srcset=\"https:\/\/site18.monsitecommeunpro.fr\/wp-content\/uploads\/2026\/03\/qui_peut_conduire_location_de_voiture.webp 768w, https:\/\/site18.monsitecommeunpro.fr\/wp-content\/uploads\/2026\/03\/qui_peut_conduire_location_de_voiture-300x83.webp 300w\" sizes=\"auto, (max-width: 768px) 100vw, 768px\" \/><\/figure>\n\n\n\n<figure class=\"wp-block-image size-full\"><img loading=\"lazy\" decoding=\"async\" width=\"832\" height=\"420\" data-id=\"206\" src=\"https:\/\/site18.monsitecommeunpro.fr\/wp-content\/uploads\/2026\/03\/location-auto-estivale-ma.jpg\" alt=\"\" class=\"wp-image-206\" srcset=\"https:\/\/site18.monsitecommeunpro.fr\/wp-content\/uploads\/2026\/03\/location-auto-estivale-ma.jpg 832w, https:\/\/site18.monsitecommeunpro.fr\/wp-content\/uploads\/2026\/03\/location-auto-estivale-ma-300x151.jpg 300w, https:\/\/site18.monsitecommeunpro.fr\/wp-content\/uploads\/2026\/03\/location-auto-estivale-ma-768x388.jpg 768w\" sizes=\"auto, (max-width: 832px) 100vw, 832px\" \/><figcaption class=\"wp-element-caption\">location-auto-estivale<\/figcaption><\/figure>\n<\/figure>\n\n\n","protected":false},"excerpt":{"rendered":"<p>Location de voiture Simplifiez vos d\u00e9placements pendant vos vacances avec notre service de location de voiture ! \ud83d\ude97\ud83d\udca8Choisissez parmi une [&hellip;]<\/p>\n","protected":false},"author":1,"featured_media":0,"parent":0,"menu_order":0,"comment_status":"closed","ping_status":"closed","template":"","meta":{"site-sidebar-layout":"default","site-content-layout":"","ast-site-content-layout":"default","site-content-style":"default","site-sidebar-style":"default","ast-global-header-display":"","ast-banner-title-visibility":"","ast-main-header-display":"","ast-hfb-above-header-display":"","ast-hfb-below-header-display":"","ast-hfb-mobile-header-display":"","site-post-title":"","ast-breadcrumbs-content":"","ast-featured-img":"","footer-sml-layout":"","ast-disable-related-posts":"","theme-transparent-header-meta":"","adv-header-id-meta":"","stick-header-meta":"","header-above-stick-meta":"","header-main-stick-meta":"","header-below-stick-meta":"","astra-migrate-meta-layouts":"default","ast-page-background-enabled":"default","ast-page-background-meta":{"desktop":{"background-color":"var(--ast-global-color-5)","background-image":"","background-repeat":"repeat","background-position":"center center","background-size":"auto","background-attachment":"scroll","background-type":"","background-media":"","overlay-type":"","overlay-color":"","overlay-opacity":"","overlay-gradient":""},"tablet":{"background-color":"","background-image":"","background-repeat":"repeat","background-position":"center center","background-size":"auto","background-attachment":"scroll","background-type":"","background-media":"","overlay-type":"","overlay-color":"","overlay-opacity":"","overlay-gradient":""},"mobile":{"background-color":"","background-image":"","background-repeat":"repeat","background-position":"center center","background-size":"auto","background-attachment":"scroll","background-type":"","background-media":"","overlay-type":"","overlay-color":"","overlay-opacity":"","overlay-gradient":""}},"ast-content-background-meta":{"desktop":{"background-color":"var(--ast-global-color-4)","background-image":"","background-repeat":"repeat","background-position":"center center","background-size":"auto","background-attachment":"scroll","background-type":"","background-media":"","overlay-type":"","overlay-color":"","overlay-opacity":"","overlay-gradient":""},"tablet":{"background-color":"var(--ast-global-color-4)","background-image":"","background-repeat":"repeat","background-position":"center center","background-size":"auto","background-attachment":"scroll","background-type":"","background-media":"","overlay-type":"","overlay-color":"","overlay-opacity":"","overlay-gradient":""},"mobile":{"background-color":"var(--ast-global-color-4)","background-image":"","background-repeat":"repeat","background-position":"center center","background-size":"auto","background-attachment":"scroll","background-type":"","background-media":"","overlay-type":"","overlay-color":"","overlay-opacity":"","overlay-gradient":""}},"footnotes":""},"class_list":["post-47","page","type-page","status-publish","hentry"],"yoast_head":"<!-- This site is optimized with the Yoast SEO plugin v27.0 - https:\/\/yoast.com\/product\/yoast-seo-wordpress\/ -->\n<title>voiture -<\/title>\n<meta name=\"robots\" content=\"index, follow, max-snippet:-1, max-image-preview:large, max-video-preview:-1\" \/>\n<link rel=\"canonical\" href=\"https:\/\/site18.monsitecommeunpro.fr\/?page_id=47\" \/>\n<meta property=\"og:locale\" content=\"fr_FR\" \/>\n<meta property=\"og:type\" content=\"article\" \/>\n<meta property=\"og:title\" content=\"voiture -\" \/>\n<meta property=\"og:description\" content=\"Location de voiture Simplifiez vos d\u00e9placements pendant vos vacances avec notre service de location de voiture ! \ud83d\ude97\ud83d\udca8Choisissez parmi une [&hellip;]\" \/>\n<meta property=\"og:url\" content=\"https:\/\/site18.monsitecommeunpro.fr\/?page_id=47\" \/>\n<meta property=\"article:modified_time\" content=\"2026-03-16T10:44:39+00:00\" \/>\n<meta property=\"og:image\" content=\"https:\/\/site18.monsitecommeunpro.fr\/wp-content\/uploads\/2026\/03\/location-voiture-prestige.png\" \/>\n\t<meta property=\"og:image:width\" content=\"651\" \/>\n\t<meta property=\"og:image:height\" content=\"403\" \/>\n\t<meta property=\"og:image:type\" content=\"image\/png\" \/>\n<meta name=\"twitter:card\" content=\"summary_large_image\" \/>\n<meta name=\"twitter:label1\" content=\"Dur\u00e9e de lecture estim\u00e9e\" \/>\n\t<meta name=\"twitter:data1\" content=\"1 minute\" \/>\n<script type=\"application\/ld+json\" class=\"yoast-schema-graph\">{\"@context\":\"https:\/\/schema.org\",\"@graph\":[{\"@type\":\"WebPage\",\"@id\":\"https:\/\/site18.monsitecommeunpro.fr\/?page_id=47\",\"url\":\"https:\/\/site18.monsitecommeunpro.fr\/?page_id=47\",\"name\":\"voiture -\",\"isPartOf\":{\"@id\":\"https:\/\/site18.monsitecommeunpro.fr\/#website\"},\"primaryImageOfPage\":{\"@id\":\"https:\/\/site18.monsitecommeunpro.fr\/?page_id=47#primaryimage\"},\"image\":{\"@id\":\"https:\/\/site18.monsitecommeunpro.fr\/?page_id=47#primaryimage\"},\"thumbnailUrl\":\"https:\/\/site18.monsitecommeunpro.fr\/wp-content\/uploads\/2026\/03\/location-voiture-prestige.png\",\"datePublished\":\"2026-03-03T09:57:31+00:00\",\"dateModified\":\"2026-03-16T10:44:39+00:00\",\"breadcrumb\":{\"@id\":\"https:\/\/site18.monsitecommeunpro.fr\/?page_id=47#breadcrumb\"},\"inLanguage\":\"fr-FR\",\"potentialAction\":[{\"@type\":\"ReadAction\",\"target\":[\"https:\/\/site18.monsitecommeunpro.fr\/?page_id=47\"]}]},{\"@type\":\"ImageObject\",\"inLanguage\":\"fr-FR\",\"@id\":\"https:\/\/site18.monsitecommeunpro.fr\/?page_id=47#primaryimage\",\"url\":\"https:\/\/site18.monsitecommeunpro.fr\/wp-content\/uploads\/2026\/03\/location-voiture-prestige.png\",\"contentUrl\":\"https:\/\/site18.monsitecommeunpro.fr\/wp-content\/uploads\/2026\/03\/location-voiture-prestige.png\",\"width\":651,\"height\":403},{\"@type\":\"BreadcrumbList\",\"@id\":\"https:\/\/site18.monsitecommeunpro.fr\/?page_id=47#breadcrumb\",\"itemListElement\":[{\"@type\":\"ListItem\",\"position\":1,\"name\":\"Accueil\",\"item\":\"https:\/\/site18.monsitecommeunpro.fr\/\"},{\"@type\":\"ListItem\",\"position\":2,\"name\":\"voiture\"}]},{\"@type\":\"WebSite\",\"@id\":\"https:\/\/site18.monsitecommeunpro.fr\/#website\",\"url\":\"https:\/\/site18.monsitecommeunpro.fr\/\",\"name\":\"\",\"description\":\"\",\"potentialAction\":[{\"@type\":\"SearchAction\",\"target\":{\"@type\":\"EntryPoint\",\"urlTemplate\":\"https:\/\/site18.monsitecommeunpro.fr\/?s={search_term_string}\"},\"query-input\":{\"@type\":\"PropertyValueSpecification\",\"valueRequired\":true,\"valueName\":\"search_term_string\"}}],\"inLanguage\":\"fr-FR\"}]}<\/script>\n<!-- \/ Yoast SEO plugin. -->","yoast_head_json":{"title":"voiture -","robots":{"index":"index","follow":"follow","max-snippet":"max-snippet:-1","max-image-preview":"max-image-preview:large","max-video-preview":"max-video-preview:-1"},"canonical":"https:\/\/site18.monsitecommeunpro.fr\/?page_id=47","og_locale":"fr_FR","og_type":"article","og_title":"voiture -","og_description":"Location de voiture Simplifiez vos d\u00e9placements pendant vos vacances avec notre service de location de voiture ! \ud83d\ude97\ud83d\udca8Choisissez parmi une [&hellip;]","og_url":"https:\/\/site18.monsitecommeunpro.fr\/?page_id=47","article_modified_time":"2026-03-16T10:44:39+00:00","og_image":[{"width":651,"height":403,"url":"https:\/\/site18.monsitecommeunpro.fr\/wp-content\/uploads\/2026\/03\/location-voiture-prestige.png","type":"image\/png"}],"twitter_card":"summary_large_image","twitter_misc":{"Dur\u00e9e de lecture estim\u00e9e":"1 minute"},"schema":{"@context":"https:\/\/schema.org","@graph":[{"@type":"WebPage","@id":"https:\/\/site18.monsitecommeunpro.fr\/?page_id=47","url":"https:\/\/site18.monsitecommeunpro.fr\/?page_id=47","name":"voiture -","isPartOf":{"@id":"https:\/\/site18.monsitecommeunpro.fr\/#website"},"primaryImageOfPage":{"@id":"https:\/\/site18.monsitecommeunpro.fr\/?page_id=47#primaryimage"},"image":{"@id":"https:\/\/site18.monsitecommeunpro.fr\/?page_id=47#primaryimage"},"thumbnailUrl":"https:\/\/site18.monsitecommeunpro.fr\/wp-content\/uploads\/2026\/03\/location-voiture-prestige.png","datePublished":"2026-03-03T09:57:31+00:00","dateModified":"2026-03-16T10:44:39+00:00","breadcrumb":{"@id":"https:\/\/site18.monsitecommeunpro.fr\/?page_id=47#breadcrumb"},"inLanguage":"fr-FR","potentialAction":[{"@type":"ReadAction","target":["https:\/\/site18.monsitecommeunpro.fr\/?page_id=47"]}]},{"@type":"ImageObject","inLanguage":"fr-FR","@id":"https:\/\/site18.monsitecommeunpro.fr\/?page_id=47#primaryimage","url":"https:\/\/site18.monsitecommeunpro.fr\/wp-content\/uploads\/2026\/03\/location-voiture-prestige.png","contentUrl":"https:\/\/site18.monsitecommeunpro.fr\/wp-content\/uploads\/2026\/03\/location-voiture-prestige.png","width":651,"height":403},{"@type":"BreadcrumbList","@id":"https:\/\/site18.monsitecommeunpro.fr\/?page_id=47#breadcrumb","itemListElement":[{"@type":"ListItem","position":1,"name":"Accueil","item":"https:\/\/site18.monsitecommeunpro.fr\/"},{"@type":"ListItem","position":2,"name":"voiture"}]},{"@type":"WebSite","@id":"https:\/\/site18.monsitecommeunpro.fr\/#website","url":"https:\/\/site18.monsitecommeunpro.fr\/","name":"","description":"","potentialAction":[{"@type":"SearchAction","target":{"@type":"EntryPoint","urlTemplate":"https:\/\/site18.monsitecommeunpro.fr\/?s={search_term_string}"},"query-input":{"@type":"PropertyValueSpecification","valueRequired":true,"valueName":"search_term_string"}}],"inLanguage":"fr-FR"}]}},"_links":{"self":[{"href":"https:\/\/site18.monsitecommeunpro.fr\/index.php?rest_route=\/wp\/v2\/pages\/47","targetHints":{"allow":["GET"]}}],"collection":[{"href":"https:\/\/site18.monsitecommeunpro.fr\/index.php?rest_route=\/wp\/v2\/pages"}],"about":[{"href":"https:\/\/site18.monsitecommeunpro.fr\/index.php?rest_route=\/wp\/v2\/types\/page"}],"author":[{"embeddable":true,"href":"https:\/\/site18.monsitecommeunpro.fr\/index.php?rest_route=\/wp\/v2\/users\/1"}],"replies":[{"embeddable":true,"href":"https:\/\/site18.monsitecommeunpro.fr\/index.php?rest_route=%2Fwp%2Fv2%2Fcomments&post=47"}],"version-history":[{"count":8,"href":"https:\/\/site18.monsitecommeunpro.fr\/index.php?rest_route=\/wp\/v2\/pages\/47\/revisions"}],"predecessor-version":[{"id":207,"href":"https:\/\/site18.monsitecommeunpro.fr\/index.php?rest_route=\/wp\/v2\/pages\/47\/revisions\/207"}],"wp:attachment":[{"href":"https:\/\/site18.monsitecommeunpro.fr\/index.php?rest_route=%2Fwp%2Fv2%2Fmedia&parent=47"}],"curies":[{"name":"wp","href":"https:\/\/api.w.org\/{rel}","templated":true}]}}