{"id":37,"date":"2026-03-03T10:52:23","date_gmt":"2026-03-03T09:52:23","guid":{"rendered":"https:\/\/site18.monsitecommeunpro.fr\/?page_id=37"},"modified":"2026-03-16T11:31:37","modified_gmt":"2026-03-16T10:31:37","slug":"contact","status":"publish","type":"page","link":"https:\/\/site18.monsitecommeunpro.fr\/?page_id=37","title":{"rendered":"Contact"},"content":{"rendered":"\n<p class=\"has-ast-global-color-2-background-color has-background\">Bienvenue sur la page contact de <strong>l\u2019agence Escapia Voyages<\/strong> ! \ud83c\udf0d<br>Notre si\u00e8ge principal se situe \u00e0 <strong>Charleville-M\u00e9zi\u00e8res<\/strong> :<\/p>\n\n\n\n<p><strong>Adresse :<\/strong> 12 Rue du Voyageur, 08000 Charleville-M\u00e9zi\u00e8res<br><strong>T\u00e9l\u00e9phone :<\/strong> 03 24 00 12 34<br><strong>Email :<\/strong> <a>contact@escapia-voyages.com<\/a><\/p>\n\n\n\n<p>Nous sommes \u00e9galement pr\u00e9sents dans plusieurs autres villes pour mieux vous accompagner :<\/p>\n\n\n\n<ul class=\"wp-block-list\">\n<li><strong>Reims<\/strong> \u2013 45 Avenue de Champagne, 51100 Reims<\/li>\n\n\n\n<li><strong>Troyes<\/strong> \u2013 8 Rue des Arcades, 10000 Troyes<\/li>\n\n\n\n<li><strong>Metz<\/strong> \u2013 27 Boulevard Saint-Symphorien, 57000 Metz<\/li>\n\n\n\n<li><strong>Nancy<\/strong> \u2013 15 Place Stanislas, 54000 Nancy<\/li>\n<\/ul>\n\n\n\n<p>Vous pouvez nous contacter par t\u00e9l\u00e9phone, email, ou via notre formulaire de contact ci-dessous. Notre \u00e9quipe se fera un plaisir de vous aider \u00e0 organiser votre prochain voyage, que ce soit pour des vacances, des aventures scolaires ou des s\u00e9jours sur mesure.<\/p>\n\n\n\n<figure class=\"wp-block-gallery has-nested-images columns-default is-cropped wp-block-gallery-1 is-layout-flex wp-block-gallery-is-layout-flex\">\n<figure class=\"wp-block-image size-full\"><img loading=\"lazy\" decoding=\"async\" width=\"645\" height=\"634\" data-id=\"173\" src=\"https:\/\/site18.monsitecommeunpro.fr\/wp-content\/uploads\/2026\/03\/charleville-mezieres.png\" alt=\"\" class=\"wp-image-173\" srcset=\"https:\/\/site18.monsitecommeunpro.fr\/wp-content\/uploads\/2026\/03\/charleville-mezieres.png 645w, https:\/\/site18.monsitecommeunpro.fr\/wp-content\/uploads\/2026\/03\/charleville-mezieres-300x295.png 300w\" sizes=\"auto, (max-width: 645px) 100vw, 645px\" \/><\/figure>\n\n\n\n<figure class=\"wp-block-image size-full\"><img loading=\"lazy\" decoding=\"async\" width=\"968\" height=\"908\" data-id=\"72\" src=\"https:\/\/site18.monsitecommeunpro.fr\/wp-content\/uploads\/2026\/03\/cropped-1.png\" alt=\"\" class=\"wp-image-72\" srcset=\"https:\/\/site18.monsitecommeunpro.fr\/wp-content\/uploads\/2026\/03\/cropped-1.png 968w, https:\/\/site18.monsitecommeunpro.fr\/wp-content\/uploads\/2026\/03\/cropped-1-300x281.png 300w, https:\/\/site18.monsitecommeunpro.fr\/wp-content\/uploads\/2026\/03\/cropped-1-768x720.png 768w, https:\/\/site18.monsitecommeunpro.fr\/wp-content\/uploads\/2026\/03\/cropped-1-259x243.png 259w\" sizes=\"auto, (max-width: 968px) 100vw, 968px\" \/><\/figure>\n<\/figure>\n\n\n\n<p><\/p>\n","protected":false},"excerpt":{"rendered":"<p>Bienvenue sur la page contact de l\u2019agence Escapia Voyages ! \ud83c\udf0dNotre si\u00e8ge principal se situe \u00e0 Charleville-M\u00e9zi\u00e8res : Adresse : [&hellip;]<\/p>\n","protected":false},"author":1,"featured_media":0,"parent":0,"menu_order":0,"comment_status":"closed","ping_status":"closed","template":"","meta":{"site-sidebar-layout":"default","site-content-layout":"","ast-site-content-layout":"default","site-content-style":"default","site-sidebar-style":"default","ast-global-header-display":"","ast-banner-title-visibility":"","ast-main-header-display":"","ast-hfb-above-header-display":"","ast-hfb-below-header-display":"","ast-hfb-mobile-header-display":"","site-post-title":"","ast-breadcrumbs-content":"","ast-featured-img":"","footer-sml-layout":"","ast-disable-related-posts":"","theme-transparent-header-meta":"","adv-header-id-meta":"","stick-header-meta":"","header-above-stick-meta":"","header-main-stick-meta":"","header-below-stick-meta":"","astra-migrate-meta-layouts":"default","ast-page-background-enabled":"default","ast-page-background-meta":{"desktop":{"background-color":"var(--ast-global-color-5)","background-image":"","background-repeat":"repeat","background-position":"center center","background-size":"auto","background-attachment":"scroll","background-type":"","background-media":"","overlay-type":"","overlay-color":"","overlay-opacity":"","overlay-gradient":""},"tablet":{"background-color":"","background-image":"","background-repeat":"repeat","background-position":"center center","background-size":"auto","background-attachment":"scroll","background-type":"","background-media":"","overlay-type":"","overlay-color":"","overlay-opacity":"","overlay-gradient":""},"mobile":{"background-color":"","background-image":"","background-repeat":"repeat","background-position":"center center","background-size":"auto","background-attachment":"scroll","background-type":"","background-media":"","overlay-type":"","overlay-color":"","overlay-opacity":"","overlay-gradient":""}},"ast-content-background-meta":{"desktop":{"background-color":"var(--ast-global-color-4)","background-image":"","background-repeat":"repeat","background-position":"center center","background-size":"auto","background-attachment":"scroll","background-type":"","background-media":"","overlay-type":"","overlay-color":"","overlay-opacity":"","overlay-gradient":""},"tablet":{"background-color":"var(--ast-global-color-4)","background-image":"","background-repeat":"repeat","background-position":"center center","background-size":"auto","background-attachment":"scroll","background-type":"","background-media":"","overlay-type":"","overlay-color":"","overlay-opacity":"","overlay-gradient":""},"mobile":{"background-color":"var(--ast-global-color-4)","background-image":"","background-repeat":"repeat","background-position":"center center","background-size":"auto","background-attachment":"scroll","background-type":"","background-media":"","overlay-type":"","overlay-color":"","overlay-opacity":"","overlay-gradient":""}},"footnotes":""},"class_list":["post-37","page","type-page","status-publish","hentry"],"yoast_head":"<!-- This site is optimized with the Yoast SEO plugin v27.0 - https:\/\/yoast.com\/product\/yoast-seo-wordpress\/ -->\n<title>Contact -<\/title>\n<meta name=\"robots\" content=\"index, follow, max-snippet:-1, max-image-preview:large, max-video-preview:-1\" \/>\n<link rel=\"canonical\" href=\"https:\/\/site18.monsitecommeunpro.fr\/?page_id=37\" \/>\n<meta property=\"og:locale\" content=\"fr_FR\" \/>\n<meta property=\"og:type\" content=\"article\" \/>\n<meta property=\"og:title\" content=\"Contact -\" \/>\n<meta property=\"og:description\" content=\"Bienvenue sur la page contact de l\u2019agence Escapia Voyages ! \ud83c\udf0dNotre si\u00e8ge principal se situe \u00e0 Charleville-M\u00e9zi\u00e8res : Adresse : [&hellip;]\" \/>\n<meta property=\"og:url\" content=\"https:\/\/site18.monsitecommeunpro.fr\/?page_id=37\" \/>\n<meta property=\"article:modified_time\" content=\"2026-03-16T10:31:37+00:00\" \/>\n<meta property=\"og:image\" content=\"https:\/\/site18.monsitecommeunpro.fr\/wp-content\/uploads\/2026\/03\/charleville-mezieres.png\" \/>\n\t<meta property=\"og:image:width\" content=\"645\" \/>\n\t<meta property=\"og:image:height\" content=\"634\" \/>\n\t<meta property=\"og:image:type\" content=\"image\/png\" \/>\n<meta name=\"twitter:card\" content=\"summary_large_image\" \/>\n<meta name=\"twitter:label1\" content=\"Dur\u00e9e de lecture estim\u00e9e\" \/>\n\t<meta name=\"twitter:data1\" content=\"1 minute\" \/>\n<script type=\"application\/ld+json\" class=\"yoast-schema-graph\">{\"@context\":\"https:\/\/schema.org\",\"@graph\":[{\"@type\":\"WebPage\",\"@id\":\"https:\/\/site18.monsitecommeunpro.fr\/?page_id=37\",\"url\":\"https:\/\/site18.monsitecommeunpro.fr\/?page_id=37\",\"name\":\"Contact -\",\"isPartOf\":{\"@id\":\"https:\/\/site18.monsitecommeunpro.fr\/#website\"},\"primaryImageOfPage\":{\"@id\":\"https:\/\/site18.monsitecommeunpro.fr\/?page_id=37#primaryimage\"},\"image\":{\"@id\":\"https:\/\/site18.monsitecommeunpro.fr\/?page_id=37#primaryimage\"},\"thumbnailUrl\":\"https:\/\/site18.monsitecommeunpro.fr\/wp-content\/uploads\/2026\/03\/charleville-mezieres.png\",\"datePublished\":\"2026-03-03T09:52:23+00:00\",\"dateModified\":\"2026-03-16T10:31:37+00:00\",\"breadcrumb\":{\"@id\":\"https:\/\/site18.monsitecommeunpro.fr\/?page_id=37#breadcrumb\"},\"inLanguage\":\"fr-FR\",\"potentialAction\":[{\"@type\":\"ReadAction\",\"target\":[\"https:\/\/site18.monsitecommeunpro.fr\/?page_id=37\"]}]},{\"@type\":\"ImageObject\",\"inLanguage\":\"fr-FR\",\"@id\":\"https:\/\/site18.monsitecommeunpro.fr\/?page_id=37#primaryimage\",\"url\":\"https:\/\/site18.monsitecommeunpro.fr\/wp-content\/uploads\/2026\/03\/charleville-mezieres.png\",\"contentUrl\":\"https:\/\/site18.monsitecommeunpro.fr\/wp-content\/uploads\/2026\/03\/charleville-mezieres.png\",\"width\":645,\"height\":634},{\"@type\":\"BreadcrumbList\",\"@id\":\"https:\/\/site18.monsitecommeunpro.fr\/?page_id=37#breadcrumb\",\"itemListElement\":[{\"@type\":\"ListItem\",\"position\":1,\"name\":\"Accueil\",\"item\":\"https:\/\/site18.monsitecommeunpro.fr\/\"},{\"@type\":\"ListItem\",\"position\":2,\"name\":\"Contact\"}]},{\"@type\":\"WebSite\",\"@id\":\"https:\/\/site18.monsitecommeunpro.fr\/#website\",\"url\":\"https:\/\/site18.monsitecommeunpro.fr\/\",\"name\":\"\",\"description\":\"\",\"potentialAction\":[{\"@type\":\"SearchAction\",\"target\":{\"@type\":\"EntryPoint\",\"urlTemplate\":\"https:\/\/site18.monsitecommeunpro.fr\/?s={search_term_string}\"},\"query-input\":{\"@type\":\"PropertyValueSpecification\",\"valueRequired\":true,\"valueName\":\"search_term_string\"}}],\"inLanguage\":\"fr-FR\"}]}<\/script>\n<!-- \/ Yoast SEO plugin. -->","yoast_head_json":{"title":"Contact -","robots":{"index":"index","follow":"follow","max-snippet":"max-snippet:-1","max-image-preview":"max-image-preview:large","max-video-preview":"max-video-preview:-1"},"canonical":"https:\/\/site18.monsitecommeunpro.fr\/?page_id=37","og_locale":"fr_FR","og_type":"article","og_title":"Contact -","og_description":"Bienvenue sur la page contact de l\u2019agence Escapia Voyages ! \ud83c\udf0dNotre si\u00e8ge principal se situe \u00e0 Charleville-M\u00e9zi\u00e8res : Adresse : [&hellip;]","og_url":"https:\/\/site18.monsitecommeunpro.fr\/?page_id=37","article_modified_time":"2026-03-16T10:31:37+00:00","og_image":[{"width":645,"height":634,"url":"https:\/\/site18.monsitecommeunpro.fr\/wp-content\/uploads\/2026\/03\/charleville-mezieres.png","type":"image\/png"}],"twitter_card":"summary_large_image","twitter_misc":{"Dur\u00e9e de lecture estim\u00e9e":"1 minute"},"schema":{"@context":"https:\/\/schema.org","@graph":[{"@type":"WebPage","@id":"https:\/\/site18.monsitecommeunpro.fr\/?page_id=37","url":"https:\/\/site18.monsitecommeunpro.fr\/?page_id=37","name":"Contact -","isPartOf":{"@id":"https:\/\/site18.monsitecommeunpro.fr\/#website"},"primaryImageOfPage":{"@id":"https:\/\/site18.monsitecommeunpro.fr\/?page_id=37#primaryimage"},"image":{"@id":"https:\/\/site18.monsitecommeunpro.fr\/?page_id=37#primaryimage"},"thumbnailUrl":"https:\/\/site18.monsitecommeunpro.fr\/wp-content\/uploads\/2026\/03\/charleville-mezieres.png","datePublished":"2026-03-03T09:52:23+00:00","dateModified":"2026-03-16T10:31:37+00:00","breadcrumb":{"@id":"https:\/\/site18.monsitecommeunpro.fr\/?page_id=37#breadcrumb"},"inLanguage":"fr-FR","potentialAction":[{"@type":"ReadAction","target":["https:\/\/site18.monsitecommeunpro.fr\/?page_id=37"]}]},{"@type":"ImageObject","inLanguage":"fr-FR","@id":"https:\/\/site18.monsitecommeunpro.fr\/?page_id=37#primaryimage","url":"https:\/\/site18.monsitecommeunpro.fr\/wp-content\/uploads\/2026\/03\/charleville-mezieres.png","contentUrl":"https:\/\/site18.monsitecommeunpro.fr\/wp-content\/uploads\/2026\/03\/charleville-mezieres.png","width":645,"height":634},{"@type":"BreadcrumbList","@id":"https:\/\/site18.monsitecommeunpro.fr\/?page_id=37#breadcrumb","itemListElement":[{"@type":"ListItem","position":1,"name":"Accueil","item":"https:\/\/site18.monsitecommeunpro.fr\/"},{"@type":"ListItem","position":2,"name":"Contact"}]},{"@type":"WebSite","@id":"https:\/\/site18.monsitecommeunpro.fr\/#website","url":"https:\/\/site18.monsitecommeunpro.fr\/","name":"","description":"","potentialAction":[{"@type":"SearchAction","target":{"@type":"EntryPoint","urlTemplate":"https:\/\/site18.monsitecommeunpro.fr\/?s={search_term_string}"},"query-input":{"@type":"PropertyValueSpecification","valueRequired":true,"valueName":"search_term_string"}}],"inLanguage":"fr-FR"}]}},"_links":{"self":[{"href":"https:\/\/site18.monsitecommeunpro.fr\/index.php?rest_route=\/wp\/v2\/pages\/37","targetHints":{"allow":["GET"]}}],"collection":[{"href":"https:\/\/site18.monsitecommeunpro.fr\/index.php?rest_route=\/wp\/v2\/pages"}],"about":[{"href":"https:\/\/site18.monsitecommeunpro.fr\/index.php?rest_route=\/wp\/v2\/types\/page"}],"author":[{"embeddable":true,"href":"https:\/\/site18.monsitecommeunpro.fr\/index.php?rest_route=\/wp\/v2\/users\/1"}],"replies":[{"embeddable":true,"href":"https:\/\/site18.monsitecommeunpro.fr\/index.php?rest_route=%2Fwp%2Fv2%2Fcomments&post=37"}],"version-history":[{"count":6,"href":"https:\/\/site18.monsitecommeunpro.fr\/index.php?rest_route=\/wp\/v2\/pages\/37\/revisions"}],"predecessor-version":[{"id":201,"href":"https:\/\/site18.monsitecommeunpro.fr\/index.php?rest_route=\/wp\/v2\/pages\/37\/revisions\/201"}],"wp:attachment":[{"href":"https:\/\/site18.monsitecommeunpro.fr\/index.php?rest_route=%2Fwp%2Fv2%2Fmedia&parent=37"}],"curies":[{"name":"wp","href":"https:\/\/api.w.org\/{rel}","templated":true}]}}